{"id":4461,"date":"2024-10-30T12:22:08","date_gmt":"2024-10-30T11:22:19","guid":{"rendered":"https:\/\/semeursdupossible.com\/index.php\/accueil-2\/"},"modified":"2024-10-30T12:37:26","modified_gmt":"2024-10-30T11:37:26","slug":"calendrier","status":"publish","type":"page","link":"https:\/\/semeursdupossible.com\/index.php\/calendrier\/","title":{"rendered":"Calendrier"},"content":{"rendered":"\t\t<div data-elementor-type=\"wp-page\" data-elementor-id=\"4461\" class=\"elementor elementor-4461\" data-elementor-settings=\"[]\">\n\t\t\t<div class=\"elementor-inner\">\n\t\t\t\t<div class=\"elementor-section-wrap\">\n\t\t\t\t\t\t\t<section class=\"elementor-element elementor-element-aef8db3 elementor-section-boxed elementor-section-height-default elementor-section-height-default elementor-section elementor-top-section\" data-id=\"aef8db3\" data-element_type=\"section\">\n\t\t\t\t\t\t<div class=\"elementor-container elementor-column-gap-default\">\n\t\t\t\t<div class=\"elementor-row\">\n\t\t\t\t<div class=\"elementor-element elementor-element-2ef2918 elementor-column elementor-col-100 elementor-top-column\" data-id=\"2ef2918\" data-element_type=\"column\">\n\t\t\t<div class=\"elementor-column-wrap  elementor-element-populated\">\n\t\t\t\t\t<div class=\"elementor-widget-wrap\">\n\t\t\t\t<div class=\"elementor-element elementor-element-af2d1f1 elementor-widget elementor-widget-spacer\" data-id=\"af2d1f1\" data-element_type=\"widget\" data-widget_type=\"spacer.default\">\n\t\t\t\t<div class=\"elementor-widget-container\">\n\t\t\t\t\t<div class=\"elementor-spacer\">\n\t\t\t<div class=\"elementor-spacer-inner\"><\/div>\n\t\t<\/div>\n\t\t\t\t<\/div>\n\t\t\t\t<\/div>\n\t\t\t\t<div class=\"elementor-element elementor-element-ee706a8 elementor-widget elementor-widget-heading\" data-id=\"ee706a8\" data-element_type=\"widget\" data-widget_type=\"heading.default\">\n\t\t\t\t<div class=\"elementor-widget-container\">\n\t\t\t<h1 class=\"elementor-heading-title elementor-size-default\">Notre calendrier des \u00e9v\u00e8nements \u00e0 venir<\/h1>\t\t<\/div>\n\t\t\t\t<\/div>\n\t\t\t\t<div class=\"elementor-element elementor-element-9b35073 elementor-widget elementor-widget-text-editor\" data-id=\"9b35073\" data-element_type=\"widget\" data-widget_type=\"text-editor.default\">\n\t\t\t\t<div class=\"elementor-widget-container\">\n\t\t\t\t\t<div class=\"elementor-text-editor elementor-clearfix\"><p style=\"text-align: center;\">Nous sommes pr\u00e9sents tout au long de l&rsquo;ann\u00e9e sur des \u00e9v\u00e8nements en rapport \u00e0 notre activit\u00e9.<\/p><\/div>\n\t\t\t\t<\/div>\n\t\t\t\t<\/div>\n\t\t\t\t<div class=\"elementor-element elementor-element-7b56cc6 elementor-widget elementor-widget-spacer\" data-id=\"7b56cc6\" data-element_type=\"widget\" data-widget_type=\"spacer.default\">\n\t\t\t\t<div class=\"elementor-widget-container\">\n\t\t\t\t\t<div class=\"elementor-spacer\">\n\t\t\t<div class=\"elementor-spacer-inner\"><\/div>\n\t\t<\/div>\n\t\t\t\t<\/div>\n\t\t\t\t<\/div>\n\t\t\t\t\t\t<\/div>\n\t\t\t<\/div>\n\t\t<\/div>\n\t\t\t\t\t\t<\/div>\n\t\t\t<\/div>\n\t\t<\/section>\n\t\t\t\t<section class=\"elementor-element elementor-element-3ab0615 elementor-section-boxed elementor-section-height-default elementor-section-height-default elementor-section elementor-top-section\" data-id=\"3ab0615\" data-element_type=\"section\">\n\t\t\t\t\t\t<div class=\"elementor-container elementor-column-gap-default\">\n\t\t\t\t<div class=\"elementor-row\">\n\t\t\t\t<div class=\"elementor-element elementor-element-7b7746b elementor-column elementor-col-100 elementor-top-column\" data-id=\"7b7746b\" data-element_type=\"column\">\n\t\t\t<div class=\"elementor-column-wrap  elementor-element-populated\">\n\t\t\t\t\t<div class=\"elementor-widget-wrap\">\n\t\t\t\t<div class=\"elementor-element elementor-element-6193e6b elementor-widget elementor-widget-text-editor\" data-id=\"6193e6b\" data-element_type=\"widget\" data-widget_type=\"text-editor.default\">\n\t\t\t\t<div class=\"elementor-widget-container\">\n\t\t\t\t\t<div class=\"elementor-text-editor elementor-clearfix\"><p style=\"text-align: center;\">\r\n<table class=\"spiffy calendar-table bigcal\">\r\n\t<tr class=\"calendar-heading\"><td colspan=\"7\" class=\"calendar-date-switcher\">\r\n\t\t<table class=\"calendar-heading-tbl\">\r\n\t\t<tr>\r\n\t\t\t<td class=\"calendar-prev\"><a rel=\"nofollow\" title=\"Mois pr\u00e9c\u00e9dent\" class=\"spiffy-calendar-arrow\" onclick=\"sessionStorage.scrollTop = jQuery(window).scrollTop();\" href=\"\/index.php\/wp-json\/wp\/v2\/pages\/4461?grid-list-toggle=grid&#038;month=mar&#038;yr=2026\">&lt;<\/a><\/td>\r\n\r\n\t\t\t<td class=\"calendar-month\">avril 2026<\/td>\r\n\t\t\t<td class=\"calendar-next\"><a rel=\"nofollow\" title=\"Mois suivant\" class=\"spiffy-calendar-arrow\" onclick=\"sessionStorage.scrollTop = jQuery(window).scrollTop();\" href=\"\/index.php\/wp-json\/wp\/v2\/pages\/4461?grid-list-toggle=grid&#038;month=may&#038;yr=2026\">&gt;<\/a><\/td>\r\n\t\t<\/tr>\r\n\t\t<\/table>\r\n\t<\/td><\/tr><tr class=\"weekday-titles\"><td class=\"normal-day-heading\">lundi<\/td><td class=\"normal-day-heading\">mardi<\/td><td class=\"normal-day-heading\">mercredi<\/td><td class=\"normal-day-heading\">jeudi<\/td><td class=\"normal-day-heading\">vendredi<\/td><td class=\"weekend-heading\">samedi<\/td><td class=\"weekend-heading\">dimanche<\/td><\/tr><tr>\t<td class=\"day-without-date\">&nbsp;<\/td>\t<td class=\"day-without-date\">&nbsp;<\/td>\t<td class=\"spiffy-day-1  no-events day-with-date\"><span class=\"day-number\">1<\/span><span class=\"spiffy-event-group\"><\/span><\/td>\t<td class=\"spiffy-day-2  no-events day-with-date\"><span class=\"day-number\">2<\/span><span class=\"spiffy-event-group\"><\/span><\/td>\t<td class=\"spiffy-day-3  no-events day-with-date\"><span class=\"day-number\">3<\/span><span class=\"spiffy-event-group\"><\/span><\/td>\t<td class=\"spiffy-day-4  weekend no-events day-with-date\"><span class=\"day-number weekend\">4<\/span><span class=\"spiffy-event-group\"><\/span><\/td>\t<td class=\"spiffy-day-5  weekend no-events day-with-date\"><span class=\"day-number weekend\">5<\/span><span class=\"spiffy-event-group\"><\/span><\/td><\/tr><tr>\t<td class=\"spiffy-day-6  no-events day-with-date\"><span class=\"day-number\">6<\/span><span class=\"spiffy-event-group\"><\/span><\/td>\t<td class=\"spiffy-day-7  no-events day-with-date\"><span class=\"day-number\">7<\/span><span class=\"spiffy-event-group\"><\/span><\/td>\t<td class=\"spiffy-day-8  no-events day-with-date\"><span class=\"day-number\">8<\/span><span class=\"spiffy-event-group\"><\/span><\/td>\t<td class=\"spiffy-day-9  no-events day-with-date\"><span class=\"day-number\">9<\/span><span class=\"spiffy-event-group\"><\/span><\/td>\t<td class=\"spiffy-day-10  no-events day-with-date\"><span class=\"day-number\">10<\/span><span class=\"spiffy-event-group\"><\/span><\/td>\t<td class=\"spiffy-day-11  weekend no-events day-with-date\"><span class=\"day-number weekend\">11<\/span><span class=\"spiffy-event-group\"><\/span><\/td>\t<td class=\"spiffy-day-12  weekend no-events day-with-date\"><span class=\"day-number weekend\">12<\/span><span class=\"spiffy-event-group\"><\/span><\/td><\/tr><tr>\t<td class=\"spiffy-day-13  no-events day-with-date\"><span class=\"day-number\">13<\/span><span class=\"spiffy-event-group\"><\/span><\/td>\t<td class=\"spiffy-day-14  no-events day-with-date\"><span class=\"day-number\">14<\/span><span class=\"spiffy-event-group\"><\/span><\/td>\t<td class=\"spiffy-day-15  no-events day-with-date\"><span class=\"day-number\">15<\/span><span class=\"spiffy-event-group\"><\/span><\/td>\t<td class=\"spiffy-day-16  no-events day-with-date\"><span class=\"day-number\">16<\/span><span class=\"spiffy-event-group\"><\/span><\/td>\t<td class=\"spiffy-day-17  no-events day-with-date\"><span class=\"day-number\">17<\/span><span class=\"spiffy-event-group\"><\/span><\/td>\t<td class=\"spiffy-day-18  weekend no-events day-with-date\"><span class=\"day-number weekend\">18<\/span><span class=\"spiffy-event-group\"><\/span><\/td>\t<td class=\"spiffy-day-19 current-day weekend no-events day-with-date\"><span class=\"day-number weekend\">19<\/span><span class=\"spiffy-event-group\"><\/span><\/td><\/tr><tr>\t<td class=\"spiffy-day-20  no-events day-with-date\"><span class=\"day-number\">20<\/span><span class=\"spiffy-event-group\"><\/span><\/td>\t<td class=\"spiffy-day-21  no-events day-with-date\"><span class=\"day-number\">21<\/span><span class=\"spiffy-event-group\"><\/span><\/td>\t<td class=\"spiffy-day-22  no-events day-with-date\"><span class=\"day-number\">22<\/span><span class=\"spiffy-event-group\"><\/span><\/td>\t<td class=\"spiffy-day-23  no-events day-with-date\"><span class=\"day-number\">23<\/span><span class=\"spiffy-event-group\"><\/span><\/td>\t<td class=\"spiffy-day-24  no-events day-with-date\"><span class=\"day-number\">24<\/span><span class=\"spiffy-event-group\"><\/span><\/td>\t<td class=\"spiffy-day-25  weekend no-events day-with-date\"><span class=\"day-number weekend\">25<\/span><span class=\"spiffy-event-group\"><\/span><\/td>\t<td class=\"spiffy-day-26  weekend no-events day-with-date\"><span class=\"day-number weekend\">26<\/span><span class=\"spiffy-event-group\"><\/span><\/td><\/tr><tr>\t<td class=\"spiffy-day-27  no-events day-with-date\"><span class=\"day-number\">27<\/span><span class=\"spiffy-event-group\"><\/span><\/td>\t<td class=\"spiffy-day-28  no-events day-with-date\"><span class=\"day-number\">28<\/span><span class=\"spiffy-event-group\"><\/span><\/td>\t<td class=\"spiffy-day-29  no-events day-with-date\"><span class=\"day-number\">29<\/span><span class=\"spiffy-event-group\"><\/span><\/td>\t<td class=\"spiffy-day-30  no-events day-with-date\"><span class=\"day-number\">30<\/span><span class=\"spiffy-event-group\"><\/span><\/td>\t<td class=\"day-without-date\">&nbsp;<\/td>\t<td class=\"day-without-date weekend\">&nbsp;<\/td>\t<td class=\"day-without-date weekend\">&nbsp;<\/td><\/tr><\/table><\/p><\/div>\n\t\t\t\t<\/div>\n\t\t\t\t<\/div>\n\t\t\t\t\t\t<\/div>\n\t\t\t<\/div>\n\t\t<\/div>\n\t\t\t\t\t\t<\/div>\n\t\t\t<\/div>\n\t\t<\/section>\n\t\t\t\t<section class=\"elementor-element elementor-element-d65728e elementor-section-boxed elementor-section-height-default elementor-section-height-default elementor-section elementor-top-section\" data-id=\"d65728e\" data-element_type=\"section\">\n\t\t\t\t\t\t<div class=\"elementor-container elementor-column-gap-default\">\n\t\t\t\t<div class=\"elementor-row\">\n\t\t\t\t<div class=\"elementor-element elementor-element-f884c1a elementor-column elementor-col-100 elementor-top-column\" data-id=\"f884c1a\" data-element_type=\"column\">\n\t\t\t<div class=\"elementor-column-wrap  elementor-element-populated\">\n\t\t\t\t\t<div class=\"elementor-widget-wrap\">\n\t\t\t\t<div class=\"elementor-element elementor-element-0708078 elementor-widget elementor-widget-spacer\" data-id=\"0708078\" data-element_type=\"widget\" data-widget_type=\"spacer.default\">\n\t\t\t\t<div class=\"elementor-widget-container\">\n\t\t\t\t\t<div class=\"elementor-spacer\">\n\t\t\t<div class=\"elementor-spacer-inner\"><\/div>\n\t\t<\/div>\n\t\t\t\t<\/div>\n\t\t\t\t<\/div>\n\t\t\t\t\t\t<\/div>\n\t\t\t<\/div>\n\t\t<\/div>\n\t\t\t\t\t\t<\/div>\n\t\t\t<\/div>\n\t\t<\/section>\n\t\t\t\t\t\t<\/div>\n\t\t\t<\/div>\n\t\t<\/div>\n\t\t","protected":false},"excerpt":{"rendered":"<p>Notre calendrier des \u00e9v\u00e8nements \u00e0 venir Nous sommes pr\u00e9sents tout au long de l&rsquo;ann\u00e9e sur des \u00e9v\u00e8nements en rapport \u00e0 notre activit\u00e9.<\/p>\n","protected":false},"author":3,"featured_media":1818,"parent":0,"menu_order":1,"comment_status":"closed","ping_status":"closed","template":"","meta":{"footnotes":""},"class_list":["post-4461","page","type-page","status-publish","has-post-thumbnail","hentry"],"_links":{"self":[{"href":"https:\/\/semeursdupossible.com\/index.php\/wp-json\/wp\/v2\/pages\/4461"}],"collection":[{"href":"https:\/\/semeursdupossible.com\/index.php\/wp-json\/wp\/v2\/pages"}],"about":[{"href":"https:\/\/semeursdupossible.com\/index.php\/wp-json\/wp\/v2\/types\/page"}],"author":[{"embeddable":true,"href":"https:\/\/semeursdupossible.com\/index.php\/wp-json\/wp\/v2\/users\/3"}],"replies":[{"embeddable":true,"href":"https:\/\/semeursdupossible.com\/index.php\/wp-json\/wp\/v2\/comments?post=4461"}],"version-history":[{"count":5,"href":"https:\/\/semeursdupossible.com\/index.php\/wp-json\/wp\/v2\/pages\/4461\/revisions"}],"predecessor-version":[{"id":4466,"href":"https:\/\/semeursdupossible.com\/index.php\/wp-json\/wp\/v2\/pages\/4461\/revisions\/4466"}],"wp:featuredmedia":[{"embeddable":true,"href":"https:\/\/semeursdupossible.com\/index.php\/wp-json\/wp\/v2\/media\/1818"}],"wp:attachment":[{"href":"https:\/\/semeursdupossible.com\/index.php\/wp-json\/wp\/v2\/media?parent=4461"}],"curies":[{"name":"wp","href":"https:\/\/api.w.org\/{rel}","templated":true}]}}