{"id":4268,"date":"2024-02-01T12:23:51","date_gmt":"2024-02-01T11:23:51","guid":{"rendered":"https:\/\/semeursdupossible.com\/index.php\/entreprendre-en-espace-test\/entrepreneurs-de-semeurs\/portrait-dentrepreneur-virginie-benoit-2-2-2-2\/"},"modified":"2024-02-01T13:12:25","modified_gmt":"2024-02-01T12:12:25","slug":"portrait-dentrepreneur-elodie-patrice","status":"publish","type":"page","link":"https:\/\/semeursdupossible.com\/index.php\/entreprendre-en-espace-test\/entrepreneurs-de-semeurs\/portrait-dentrepreneur-elodie-patrice\/","title":{"rendered":"Portrait d&rsquo;entrepreneuse \/ Elodie PATRICE"},"content":{"rendered":"\t\t<div data-elementor-type=\"wp-page\" data-elementor-id=\"4268\" class=\"elementor elementor-4268\" data-elementor-settings=\"[]\">\n\t\t\t<div class=\"elementor-inner\">\n\t\t\t\t<div class=\"elementor-section-wrap\">\n\t\t\t\t\t\t\t<section class=\"elementor-element elementor-element-677d4463 elementor-section-boxed elementor-section-height-default elementor-section-height-default elementor-section elementor-top-section\" data-id=\"677d4463\" data-element_type=\"section\">\n\t\t\t\t\t\t<div class=\"elementor-container elementor-column-gap-default\">\n\t\t\t\t<div class=\"elementor-row\">\n\t\t\t\t<div class=\"elementor-element elementor-element-3fc57b2f elementor-column elementor-col-50 elementor-top-column\" data-id=\"3fc57b2f\" data-element_type=\"column\">\n\t\t\t<div class=\"elementor-column-wrap  elementor-element-populated\">\n\t\t\t\t\t<div class=\"elementor-widget-wrap\">\n\t\t\t\t<div class=\"elementor-element elementor-element-10ca1231 elementor-widget elementor-widget-heading\" data-id=\"10ca1231\" data-element_type=\"widget\" data-widget_type=\"heading.default\">\n\t\t\t\t<div class=\"elementor-widget-container\">\n\t\t\t<h1 class=\"elementor-heading-title elementor-size-large\">Elodie Patrice <br>Apiculture<\/h1>\t\t<\/div>\n\t\t\t\t<\/div>\n\t\t\t\t<div class=\"elementor-element elementor-element-3744c8f elementor-widget elementor-widget-text-editor\" data-id=\"3744c8f\" data-element_type=\"widget\" data-widget_type=\"text-editor.default\">\n\t\t\t\t<div class=\"elementor-widget-container\">\n\t\t\t\t\t<div class=\"elementor-text-editor elementor-clearfix\"><p>Souhaitant se tester sur un projet apicole, Elodie profite d&rsquo;une <strong>transmission progressive d&rsquo;activit\u00e9<\/strong> de la part d&rsquo;un apiculteur du 71, pour acqu\u00e9rir progressivement mat\u00e9riel et connaissances !<\/p><p>\u00a0<\/p><p>La p\u00e9riode de test lui permet alors de faire ses premiers pas en technique apicole, de tester diff\u00e9rentes transformations de produit et d&rsquo;explorer les d\u00e9bouch\u00e9s&#8230; et de voir comment tout \u00e7a r\u00e9ussit \u00e0 s&rsquo;articuler avec son mi-temps salari\u00e9 !<\/p><\/div>\n\t\t\t\t<\/div>\n\t\t\t\t<\/div>\n\t\t\t\t\t\t<\/div>\n\t\t\t<\/div>\n\t\t<\/div>\n\t\t\t\t<div class=\"elementor-element elementor-element-5b43ddfb elementor-column elementor-col-50 elementor-top-column\" data-id=\"5b43ddfb\" data-element_type=\"column\">\n\t\t\t<div class=\"elementor-column-wrap  elementor-element-populated\">\n\t\t\t\t\t<div class=\"elementor-widget-wrap\">\n\t\t\t\t<div class=\"elementor-element elementor-element-24c83ad1 elementor-widget elementor-widget-image\" data-id=\"24c83ad1\" data-element_type=\"widget\" data-widget_type=\"image.default\">\n\t\t\t\t<div class=\"elementor-widget-container\">\n\t\t\t\t\t<div class=\"elementor-image\">\n\t\t\t\t\t\t\t\t\t\t<img loading=\"lazy\" decoding=\"async\" width=\"1274\" height=\"1257\" src=\"https:\/\/semeursdupossible.com\/wp-content\/uploads\/2024\/02\/logo-elodie.png\" class=\"attachment-full size-full\" alt=\"\" srcset=\"https:\/\/semeursdupossible.com\/wp-content\/uploads\/2024\/02\/logo-elodie.png 1274w, https:\/\/semeursdupossible.com\/wp-content\/uploads\/2024\/02\/logo-elodie-300x296.png 300w, https:\/\/semeursdupossible.com\/wp-content\/uploads\/2024\/02\/logo-elodie-1024x1010.png 1024w, https:\/\/semeursdupossible.com\/wp-content\/uploads\/2024\/02\/logo-elodie-768x758.png 768w\" sizes=\"(max-width: 1274px) 100vw, 1274px\" \/>\t\t\t\t\t\t\t\t\t\t\t<\/div>\n\t\t\t\t<\/div>\n\t\t\t\t<\/div>\n\t\t\t\t\t\t<\/div>\n\t\t\t<\/div>\n\t\t<\/div>\n\t\t\t\t\t\t<\/div>\n\t\t\t<\/div>\n\t\t<\/section>\n\t\t\t\t<section class=\"elementor-element elementor-element-ab91e20 elementor-section-boxed elementor-section-height-default elementor-section-height-default elementor-section elementor-top-section\" data-id=\"ab91e20\" data-element_type=\"section\">\n\t\t\t\t\t\t<div class=\"elementor-container elementor-column-gap-default\">\n\t\t\t\t<div class=\"elementor-row\">\n\t\t\t\t<div class=\"elementor-element elementor-element-8f87bcc elementor-column elementor-col-100 elementor-top-column\" data-id=\"8f87bcc\" data-element_type=\"column\">\n\t\t\t<div class=\"elementor-column-wrap  elementor-element-populated\">\n\t\t\t\t\t<div class=\"elementor-widget-wrap\">\n\t\t\t\t<div class=\"elementor-element elementor-element-7d922a2 elementor-widget elementor-widget-text-editor\" data-id=\"7d922a2\" data-element_type=\"widget\" data-widget_type=\"text-editor.default\">\n\t\t\t\t<div class=\"elementor-widget-container\">\n\t\t\t\t\t<div class=\"elementor-text-editor elementor-clearfix\"><p style=\"text-align: center;\">\u00a0<\/p><p style=\"text-align: center;\">Le projet est de commercialiser du miel mais aussi de le transformer en quelques produits d\u00e9riv\u00e9s ( bonbons&#8230;) et de r\u00e9server tout \u00e7a \u00e0 la\u00a0<strong>vente directe<\/strong>\u00a0<\/p><h3 class=\"LC20lb MBeuO DKV0Md\" style=\"text-align: center;\">\ud83d\udc1d<\/h3><p>\u00a0<\/p><p style=\"text-align: center;\">\u00a0<\/p><\/div>\n\t\t\t\t<\/div>\n\t\t\t\t<\/div>\n\t\t\t\t\t\t<\/div>\n\t\t\t<\/div>\n\t\t<\/div>\n\t\t\t\t\t\t<\/div>\n\t\t\t<\/div>\n\t\t<\/section>\n\t\t\t\t<section class=\"elementor-element elementor-element-83564fc elementor-section-boxed elementor-section-height-default elementor-section-height-default elementor-section elementor-top-section\" data-id=\"83564fc\" data-element_type=\"section\">\n\t\t\t\t\t\t<div class=\"elementor-container elementor-column-gap-default\">\n\t\t\t\t<div class=\"elementor-row\">\n\t\t\t\t<div class=\"elementor-element elementor-element-4a5e34c elementor-column elementor-col-100 elementor-top-column\" data-id=\"4a5e34c\" data-element_type=\"column\">\n\t\t\t<div class=\"elementor-column-wrap\">\n\t\t\t\t\t<div class=\"elementor-widget-wrap\">\n\t\t\t\t\t\t<\/div>\n\t\t\t<\/div>\n\t\t<\/div>\n\t\t\t\t\t\t<\/div>\n\t\t\t<\/div>\n\t\t<\/section>\n\t\t\t\t<section class=\"elementor-element elementor-element-ada9057 elementor-section-boxed elementor-section-height-default elementor-section-height-default elementor-section elementor-top-section\" data-id=\"ada9057\" data-element_type=\"section\">\n\t\t\t\t\t\t<div class=\"elementor-container elementor-column-gap-default\">\n\t\t\t\t<div class=\"elementor-row\">\n\t\t\t\t<div class=\"elementor-element elementor-element-336cdf5 elementor-column elementor-col-33 elementor-top-column\" data-id=\"336cdf5\" data-element_type=\"column\">\n\t\t\t<div class=\"elementor-column-wrap  elementor-element-populated\">\n\t\t\t\t\t<div class=\"elementor-widget-wrap\">\n\t\t\t\t<div class=\"elementor-element elementor-element-9e21cc9 elementor-widget elementor-widget-image\" data-id=\"9e21cc9\" data-element_type=\"widget\" data-widget_type=\"image.default\">\n\t\t\t\t<div class=\"elementor-widget-container\">\n\t\t\t\t\t<div class=\"elementor-image\">\n\t\t\t\t\t\t\t\t\t\t<img loading=\"lazy\" decoding=\"async\" width=\"768\" height=\"1152\" src=\"https:\/\/semeursdupossible.com\/wp-content\/uploads\/2023\/09\/HD_CORALIE_FLEURS-205-768x1152.jpg\" class=\"attachment-medium_large size-medium_large\" alt=\"\" srcset=\"https:\/\/semeursdupossible.com\/wp-content\/uploads\/2023\/09\/HD_CORALIE_FLEURS-205-768x1152.jpg 768w, https:\/\/semeursdupossible.com\/wp-content\/uploads\/2023\/09\/HD_CORALIE_FLEURS-205-200x300.jpg 200w, https:\/\/semeursdupossible.com\/wp-content\/uploads\/2023\/09\/HD_CORALIE_FLEURS-205-683x1024.jpg 683w, https:\/\/semeursdupossible.com\/wp-content\/uploads\/2023\/09\/HD_CORALIE_FLEURS-205-1024x1536.jpg 1024w, https:\/\/semeursdupossible.com\/wp-content\/uploads\/2023\/09\/HD_CORALIE_FLEURS-205-1365x2048.jpg 1365w, https:\/\/semeursdupossible.com\/wp-content\/uploads\/2023\/09\/HD_CORALIE_FLEURS-205-scaled.jpg 1707w\" sizes=\"(max-width: 768px) 100vw, 768px\" \/>\t\t\t\t\t\t\t\t\t\t\t<\/div>\n\t\t\t\t<\/div>\n\t\t\t\t<\/div>\n\t\t\t\t\t\t<\/div>\n\t\t\t<\/div>\n\t\t<\/div>\n\t\t\t\t<div class=\"elementor-element elementor-element-6649bad elementor-column elementor-col-66 elementor-top-column\" data-id=\"6649bad\" data-element_type=\"column\">\n\t\t\t<div class=\"elementor-column-wrap  elementor-element-populated\">\n\t\t\t\t\t<div class=\"elementor-widget-wrap\">\n\t\t\t\t<div class=\"elementor-element elementor-element-67093a87 elementor-position-left elementor-view-default elementor-vertical-align-top elementor-widget elementor-widget-icon-box\" data-id=\"67093a87\" data-element_type=\"widget\" data-widget_type=\"icon-box.default\">\n\t\t\t\t<div class=\"elementor-widget-container\">\n\t\t\t\t\t<div class=\"elementor-icon-box-wrapper\">\n\t\t\t\t\t\t<div class=\"elementor-icon-box-icon\">\n\t\t\t\t<span class=\"elementor-icon elementor-animation-\" >\n\t\t\t\t<i aria-hidden=\"true\" class=\"far fa-calendar-alt\"><\/i>\t\t\t\t<\/span>\n\t\t\t<\/div>\n\t\t\t\t\t\t<div class=\"elementor-icon-box-content\">\n\t\t\t\t<h3 class=\"elementor-icon-box-title\">\n\t\t\t\t\t<span >date de demarrage<\/span>\n\t\t\t\t<\/h3>\n\t\t\t\t\t\t\t\t<p class=\"elementor-icon-box-description\">Novembre 2023<\/p>\n\t\t\t\t\t\t\t<\/div>\n\t\t<\/div>\n\t\t\t\t<\/div>\n\t\t\t\t<\/div>\n\t\t\t\t<div class=\"elementor-element elementor-element-5b9f159 elementor-position-left elementor-view-default elementor-vertical-align-top elementor-widget elementor-widget-icon-box\" data-id=\"5b9f159\" data-element_type=\"widget\" data-widget_type=\"icon-box.default\">\n\t\t\t\t<div class=\"elementor-widget-container\">\n\t\t\t\t\t<div class=\"elementor-icon-box-wrapper\">\n\t\t\t\t\t\t<div class=\"elementor-icon-box-icon\">\n\t\t\t\t<span class=\"elementor-icon elementor-animation-\" >\n\t\t\t\t<i aria-hidden=\"true\" class=\"fas fa-tractor\"><\/i>\t\t\t\t<\/span>\n\t\t\t<\/div>\n\t\t\t\t\t\t<div class=\"elementor-icon-box-content\">\n\t\t\t\t<h3 class=\"elementor-icon-box-title\">\n\t\t\t\t\t<span >type de production<\/span>\n\t\t\t\t<\/h3>\n\t\t\t\t\t\t\t\t<p class=\"elementor-icon-box-description\">Apiculture ; miel et produits d\u00e9riv\u00e9s<\/p>\n\t\t\t\t\t\t\t<\/div>\n\t\t<\/div>\n\t\t\t\t<\/div>\n\t\t\t\t<\/div>\n\t\t\t\t<div class=\"elementor-element elementor-element-58da0ef5 elementor-position-left elementor-view-default elementor-vertical-align-top elementor-widget elementor-widget-icon-box\" data-id=\"58da0ef5\" data-element_type=\"widget\" data-widget_type=\"icon-box.default\">\n\t\t\t\t<div class=\"elementor-widget-container\">\n\t\t\t\t\t<div class=\"elementor-icon-box-wrapper\">\n\t\t\t\t\t\t<div class=\"elementor-icon-box-icon\">\n\t\t\t\t<span class=\"elementor-icon elementor-animation-\" >\n\t\t\t\t<i aria-hidden=\"true\" class=\"fas fa-layer-group\"><\/i>\t\t\t\t<\/span>\n\t\t\t<\/div>\n\t\t\t\t\t\t<div class=\"elementor-icon-box-content\">\n\t\t\t\t<h3 class=\"elementor-icon-box-title\">\n\t\t\t\t\t<span >nombre de ruches<\/span>\n\t\t\t\t<\/h3>\n\t\t\t\t\t\t\t\t<p class=\"elementor-icon-box-description\">d\u00e9but avec une petite centaine<\/p>\n\t\t\t\t\t\t\t<\/div>\n\t\t<\/div>\n\t\t\t\t<\/div>\n\t\t\t\t<\/div>\n\t\t\t\t<div class=\"elementor-element elementor-element-4a19558 elementor-position-left elementor-view-default elementor-vertical-align-top elementor-widget elementor-widget-icon-box\" data-id=\"4a19558\" data-element_type=\"widget\" data-widget_type=\"icon-box.default\">\n\t\t\t\t<div class=\"elementor-widget-container\">\n\t\t\t\t\t<div class=\"elementor-icon-box-wrapper\">\n\t\t\t\t\t\t<div class=\"elementor-icon-box-icon\">\n\t\t\t\t<span class=\"elementor-icon elementor-animation-\" >\n\t\t\t\t<i aria-hidden=\"true\" class=\"fas fa-shopping-basket\"><\/i>\t\t\t\t<\/span>\n\t\t\t<\/div>\n\t\t\t\t\t\t<div class=\"elementor-icon-box-content\">\n\t\t\t\t<h3 class=\"elementor-icon-box-title\">\n\t\t\t\t\t<span >Mode de commercialisation<\/span>\n\t\t\t\t<\/h3>\n\t\t\t\t\t\t\t\t<p class=\"elementor-icon-box-description\">Vente directe<\/p>\n\t\t\t\t\t\t\t<\/div>\n\t\t<\/div>\n\t\t\t\t<\/div>\n\t\t\t\t<\/div>\n\t\t\t\t<div class=\"elementor-element elementor-element-b221352 elementor-position-left elementor-view-default elementor-vertical-align-top elementor-widget elementor-widget-icon-box\" data-id=\"b221352\" data-element_type=\"widget\" data-widget_type=\"icon-box.default\">\n\t\t\t\t<div class=\"elementor-widget-container\">\n\t\t\t\t\t<div class=\"elementor-icon-box-wrapper\">\n\t\t\t\t\t\t<div class=\"elementor-icon-box-icon\">\n\t\t\t\t<span class=\"elementor-icon elementor-animation-\" >\n\t\t\t\t<i aria-hidden=\"true\" class=\"fab fa-facebook-square\"><\/i>\t\t\t\t<\/span>\n\t\t\t<\/div>\n\t\t\t\t\t\t<div class=\"elementor-icon-box-content\">\n\t\t\t\t<h3 class=\"elementor-icon-box-title\">\n\t\t\t\t\t<span >Contact<\/span>\n\t\t\t\t<\/h3>\n\t\t\t\t\t\t\t<\/div>\n\t\t<\/div>\n\t\t\t\t<\/div>\n\t\t\t\t<\/div>\n\t\t\t\t\t\t<\/div>\n\t\t\t<\/div>\n\t\t<\/div>\n\t\t\t\t\t\t<\/div>\n\t\t\t<\/div>\n\t\t<\/section>\n\t\t\t\t<section class=\"elementor-element elementor-element-2bbf29a elementor-section-boxed elementor-section-height-default elementor-section-height-default elementor-section elementor-top-section\" data-id=\"2bbf29a\" data-element_type=\"section\">\n\t\t\t\t\t\t<div class=\"elementor-container elementor-column-gap-default\">\n\t\t\t\t<div class=\"elementor-row\">\n\t\t\t\t<div class=\"elementor-element elementor-element-8bd329e elementor-column elementor-col-20 elementor-top-column\" data-id=\"8bd329e\" data-element_type=\"column\">\n\t\t\t<div class=\"elementor-column-wrap\">\n\t\t\t\t\t<div class=\"elementor-widget-wrap\">\n\t\t\t\t\t\t<\/div>\n\t\t\t<\/div>\n\t\t<\/div>\n\t\t\t\t<div class=\"elementor-element elementor-element-66a4e38 elementor-column elementor-col-20 elementor-top-column\" data-id=\"66a4e38\" data-element_type=\"column\">\n\t\t\t<div class=\"elementor-column-wrap\">\n\t\t\t\t\t<div class=\"elementor-widget-wrap\">\n\t\t\t\t\t\t<\/div>\n\t\t\t<\/div>\n\t\t<\/div>\n\t\t\t\t<div class=\"elementor-element elementor-element-350a37b elementor-column elementor-col-20 elementor-top-column\" data-id=\"350a37b\" data-element_type=\"column\">\n\t\t\t<div class=\"elementor-column-wrap\">\n\t\t\t\t\t<div class=\"elementor-widget-wrap\">\n\t\t\t\t\t\t<\/div>\n\t\t\t<\/div>\n\t\t<\/div>\n\t\t\t\t<div class=\"elementor-element elementor-element-60f1ba6 elementor-column elementor-col-20 elementor-top-column\" data-id=\"60f1ba6\" data-element_type=\"column\">\n\t\t\t<div class=\"elementor-column-wrap\">\n\t\t\t\t\t<div class=\"elementor-widget-wrap\">\n\t\t\t\t\t\t<\/div>\n\t\t\t<\/div>\n\t\t<\/div>\n\t\t\t\t<div class=\"elementor-element elementor-element-64dd906 elementor-column elementor-col-20 elementor-top-column\" data-id=\"64dd906\" data-element_type=\"column\">\n\t\t\t<div class=\"elementor-column-wrap\">\n\t\t\t\t\t<div class=\"elementor-widget-wrap\">\n\t\t\t\t\t\t<\/div>\n\t\t\t<\/div>\n\t\t<\/div>\n\t\t\t\t\t\t<\/div>\n\t\t\t<\/div>\n\t\t<\/section>\n\t\t\t\t\t\t<\/div>\n\t\t\t<\/div>\n\t\t<\/div>\n\t\t","protected":false},"excerpt":{"rendered":"<p>Elodie Patrice Apiculture Souhaitant se tester sur un projet apicole, Elodie profite d&rsquo;une transmission progressive d&rsquo;activit\u00e9 de la part d&rsquo;un apiculteur du 71, pour acqu\u00e9rir progressivement mat\u00e9riel et connaissances ! La p\u00e9riode de test lui permet alors de faire ses premiers pas en technique apicole, de tester diff\u00e9rentes transformations de produit et d&rsquo;explorer les d\u00e9bouch\u00e9s&#8230; [&hellip;]<\/p>\n","protected":false},"author":2,"featured_media":4271,"parent":1891,"menu_order":15,"comment_status":"closed","ping_status":"closed","template":"","meta":{"footnotes":""},"class_list":["post-4268","page","type-page","status-publish","has-post-thumbnail","hentry"],"_links":{"self":[{"href":"https:\/\/semeursdupossible.com\/index.php\/wp-json\/wp\/v2\/pages\/4268"}],"collection":[{"href":"https:\/\/semeursdupossible.com\/index.php\/wp-json\/wp\/v2\/pages"}],"about":[{"href":"https:\/\/semeursdupossible.com\/index.php\/wp-json\/wp\/v2\/types\/page"}],"author":[{"embeddable":true,"href":"https:\/\/semeursdupossible.com\/index.php\/wp-json\/wp\/v2\/users\/2"}],"replies":[{"embeddable":true,"href":"https:\/\/semeursdupossible.com\/index.php\/wp-json\/wp\/v2\/comments?post=4268"}],"version-history":[{"count":5,"href":"https:\/\/semeursdupossible.com\/index.php\/wp-json\/wp\/v2\/pages\/4268\/revisions"}],"predecessor-version":[{"id":4276,"href":"https:\/\/semeursdupossible.com\/index.php\/wp-json\/wp\/v2\/pages\/4268\/revisions\/4276"}],"up":[{"embeddable":true,"href":"https:\/\/semeursdupossible.com\/index.php\/wp-json\/wp\/v2\/pages\/1891"}],"wp:featuredmedia":[{"embeddable":true,"href":"https:\/\/semeursdupossible.com\/index.php\/wp-json\/wp\/v2\/media\/4271"}],"wp:attachment":[{"href":"https:\/\/semeursdupossible.com\/index.php\/wp-json\/wp\/v2\/media?parent=4268"}],"curies":[{"name":"wp","href":"https:\/\/api.w.org\/{rel}","templated":true}]}}