{"id":3208,"date":"2021-03-13T09:58:08","date_gmt":"2021-03-13T08:58:57","guid":{"rendered":"https:\/\/semeursdupossible.com\/index.php\/entreprendre-en-espace-test\/entrepreneurs-de-semeurs\/portrait-dentrepreneuse-catalina-bolot\/"},"modified":"2021-12-06T11:33:39","modified_gmt":"2021-12-06T10:33:39","slug":"portrait-dentrepreneuse-alice-blavignac","status":"publish","type":"page","link":"https:\/\/semeursdupossible.com\/index.php\/entreprendre-en-espace-test\/entrepreneurs-de-semeurs\/portrait-dentrepreneuse-alice-blavignac\/","title":{"rendered":"Portrait d&rsquo;entrepreneuse \/ Alice BLAVIGNAC"},"content":{"rendered":"\t\t<div data-elementor-type=\"wp-page\" data-elementor-id=\"3208\" class=\"elementor elementor-3208\" data-elementor-settings=\"[]\">\n\t\t\t<div class=\"elementor-inner\">\n\t\t\t\t<div class=\"elementor-section-wrap\">\n\t\t\t\t\t\t\t<section class=\"elementor-element elementor-element-44100071 elementor-section-boxed elementor-section-height-default elementor-section-height-default elementor-section elementor-top-section\" data-id=\"44100071\" data-element_type=\"section\">\n\t\t\t\t\t\t<div class=\"elementor-container elementor-column-gap-default\">\n\t\t\t\t<div class=\"elementor-row\">\n\t\t\t\t<div class=\"elementor-element elementor-element-d821ef0 elementor-column elementor-col-100 elementor-top-column\" data-id=\"d821ef0\" data-element_type=\"column\">\n\t\t\t<div class=\"elementor-column-wrap  elementor-element-populated\">\n\t\t\t\t\t<div class=\"elementor-widget-wrap\">\n\t\t\t\t<div class=\"elementor-element elementor-element-270e8c1f elementor-widget elementor-widget-text-editor\" data-id=\"270e8c1f\" data-element_type=\"widget\" data-widget_type=\"text-editor.default\">\n\t\t\t\t<div class=\"elementor-widget-container\">\n\t\t\t\t\t<div class=\"elementor-text-editor elementor-clearfix\"><p><!-- wp:paragraph --><\/p>\n<p>Alice Blavignac est entr\u00e9e en test d\u00e9but 2020 chez Semeurs du possible afin de mettre en place une activit\u00e9 de mara\u00eechage biologique. Sur une petite ferme situ\u00e9e \u00e0 proximit\u00e9 de Saint-Sauveur-en-Puisaye, elle cultive ses l\u00e9gumes avec des pratiques inspir\u00e9es de diff\u00e9rents maraichers. Elle lance \u00e9galement une activit\u00e9 de production de semences avec la maison des semences de Puisaye.<\/p>\n<p><!-- \/wp:paragraph --><\/p>\n<p><!-- wp:paragraph --><\/p>\n<p>Elle vend ses produits (plants, l\u00e9gumes, jeunes pousses&#8230;) sur le march\u00e9 de Saint-Sauveur-en-Puisaye.<\/p>\n<p><!-- \/wp:paragraph --><\/p>\n<p><!-- wp:paragraph --><\/p>\n<p>Elle est soutenue et accompagn\u00e9e par Semeurs du possible et le GABY<\/p>\n<p><!-- \/wp:paragraph --><\/p>\n<p><!-- wp:image {\"id\":3257,\"width\":338,\"height\":450,\"sizeSlug\":\"large\",\"className\":\"is-style-rounded\"} --><\/p>\n<figure class=\"wp-block-image size-large is-resized is-style-rounded\"><\/figure>\n<p><!-- \/wp:image --><\/p><\/div>\n\t\t\t\t<\/div>\n\t\t\t\t<\/div>\n\t\t\t\t\t\t<\/div>\n\t\t\t<\/div>\n\t\t<\/div>\n\t\t\t\t\t\t<\/div>\n\t\t\t<\/div>\n\t\t<\/section>\n\t\t\t\t<section class=\"elementor-element elementor-element-8f62753 elementor-section-boxed elementor-section-height-default elementor-section-height-default elementor-section elementor-top-section\" data-id=\"8f62753\" data-element_type=\"section\">\n\t\t\t\t\t\t<div class=\"elementor-container elementor-column-gap-default\">\n\t\t\t\t<div class=\"elementor-row\">\n\t\t\t\t<div class=\"elementor-element elementor-element-afee659 elementor-column elementor-col-33 elementor-top-column\" data-id=\"afee659\" data-element_type=\"column\">\n\t\t\t<div class=\"elementor-column-wrap  elementor-element-populated\">\n\t\t\t\t\t<div class=\"elementor-widget-wrap\">\n\t\t\t\t<div class=\"elementor-element elementor-element-47b41ba elementor-widget elementor-widget-image\" data-id=\"47b41ba\" data-element_type=\"widget\" data-widget_type=\"image.default\">\n\t\t\t\t<div class=\"elementor-widget-container\">\n\t\t\t\t\t<div class=\"elementor-image\">\n\t\t\t\t\t\t\t\t\t\t<img loading=\"lazy\" decoding=\"async\" width=\"768\" height=\"1024\" src=\"https:\/\/semeursdupossible.com\/wp-content\/uploads\/2021\/06\/P1050688-768x1024.jpg\" class=\"attachment-large size-large\" alt=\"\" srcset=\"https:\/\/semeursdupossible.com\/wp-content\/uploads\/2021\/06\/P1050688-768x1024.jpg 768w, https:\/\/semeursdupossible.com\/wp-content\/uploads\/2021\/06\/P1050688-225x300.jpg 225w, https:\/\/semeursdupossible.com\/wp-content\/uploads\/2021\/06\/P1050688-1152x1536.jpg 1152w, https:\/\/semeursdupossible.com\/wp-content\/uploads\/2021\/06\/P1050688-1536x2048.jpg 1536w, https:\/\/semeursdupossible.com\/wp-content\/uploads\/2021\/06\/P1050688-scaled.jpg 1920w\" sizes=\"(max-width: 768px) 100vw, 768px\" \/>\t\t\t\t\t\t\t\t\t\t\t<\/div>\n\t\t\t\t<\/div>\n\t\t\t\t<\/div>\n\t\t\t\t\t\t<\/div>\n\t\t\t<\/div>\n\t\t<\/div>\n\t\t\t\t<div class=\"elementor-element elementor-element-ff76506 elementor-column elementor-col-33 elementor-top-column\" data-id=\"ff76506\" data-element_type=\"column\">\n\t\t\t<div class=\"elementor-column-wrap  elementor-element-populated\">\n\t\t\t\t\t<div class=\"elementor-widget-wrap\">\n\t\t\t\t<div class=\"elementor-element elementor-element-e222630 elementor-widget elementor-widget-image\" data-id=\"e222630\" data-element_type=\"widget\" data-widget_type=\"image.default\">\n\t\t\t\t<div class=\"elementor-widget-container\">\n\t\t\t\t\t<div class=\"elementor-image\">\n\t\t\t\t\t\t\t\t\t\t<img loading=\"lazy\" decoding=\"async\" width=\"800\" height=\"600\" src=\"https:\/\/semeursdupossible.com\/wp-content\/uploads\/2021\/06\/P1050695-1024x768.jpg\" class=\"attachment-large size-large\" alt=\"\" srcset=\"https:\/\/semeursdupossible.com\/wp-content\/uploads\/2021\/06\/P1050695-1024x768.jpg 1024w, https:\/\/semeursdupossible.com\/wp-content\/uploads\/2021\/06\/P1050695-300x225.jpg 300w, https:\/\/semeursdupossible.com\/wp-content\/uploads\/2021\/06\/P1050695-768x576.jpg 768w, https:\/\/semeursdupossible.com\/wp-content\/uploads\/2021\/06\/P1050695-1536x1152.jpg 1536w, https:\/\/semeursdupossible.com\/wp-content\/uploads\/2021\/06\/P1050695-2048x1536.jpg 2048w\" sizes=\"(max-width: 800px) 100vw, 800px\" \/>\t\t\t\t\t\t\t\t\t\t\t<\/div>\n\t\t\t\t<\/div>\n\t\t\t\t<\/div>\n\t\t\t\t\t\t<\/div>\n\t\t\t<\/div>\n\t\t<\/div>\n\t\t\t\t<div class=\"elementor-element elementor-element-840f980 elementor-column elementor-col-33 elementor-top-column\" data-id=\"840f980\" data-element_type=\"column\">\n\t\t\t<div class=\"elementor-column-wrap  elementor-element-populated\">\n\t\t\t\t\t<div class=\"elementor-widget-wrap\">\n\t\t\t\t<div class=\"elementor-element elementor-element-eed9d87 elementor-widget elementor-widget-image\" data-id=\"eed9d87\" data-element_type=\"widget\" data-widget_type=\"image.default\">\n\t\t\t\t<div class=\"elementor-widget-container\">\n\t\t\t\t\t<div class=\"elementor-image\">\n\t\t\t\t\t\t\t\t\t\t<img loading=\"lazy\" decoding=\"async\" width=\"800\" height=\"600\" src=\"https:\/\/semeursdupossible.com\/wp-content\/uploads\/2021\/06\/P1050696-1024x768.jpg\" class=\"attachment-large size-large\" alt=\"\" srcset=\"https:\/\/semeursdupossible.com\/wp-content\/uploads\/2021\/06\/P1050696-1024x768.jpg 1024w, https:\/\/semeursdupossible.com\/wp-content\/uploads\/2021\/06\/P1050696-300x225.jpg 300w, https:\/\/semeursdupossible.com\/wp-content\/uploads\/2021\/06\/P1050696-768x576.jpg 768w, https:\/\/semeursdupossible.com\/wp-content\/uploads\/2021\/06\/P1050696-1536x1152.jpg 1536w, https:\/\/semeursdupossible.com\/wp-content\/uploads\/2021\/06\/P1050696-2048x1536.jpg 2048w\" sizes=\"(max-width: 800px) 100vw, 800px\" \/>\t\t\t\t\t\t\t\t\t\t\t<\/div>\n\t\t\t\t<\/div>\n\t\t\t\t<\/div>\n\t\t\t\t\t\t<\/div>\n\t\t\t<\/div>\n\t\t<\/div>\n\t\t\t\t\t\t<\/div>\n\t\t\t<\/div>\n\t\t<\/section>\n\t\t\t\t\t\t<\/div>\n\t\t\t<\/div>\n\t\t<\/div>\n\t\t","protected":false},"excerpt":{"rendered":"<p>Alice Blavignac est entr\u00e9e en test d\u00e9but 2020 chez Semeurs du possible afin de mettre en place une activit\u00e9 de mara\u00eechage biologique. Sur une petite ferme situ\u00e9e \u00e0 proximit\u00e9 de Saint-Sauveur-en-Puisaye, elle cultive ses l\u00e9gumes avec des pratiques inspir\u00e9es de diff\u00e9rents maraichers. Elle lance \u00e9galement une activit\u00e9 de production de semences avec la maison des [&hellip;]<\/p>\n","protected":false},"author":2,"featured_media":3256,"parent":1891,"menu_order":7,"comment_status":"closed","ping_status":"closed","template":"","meta":{"footnotes":""},"class_list":["post-3208","page","type-page","status-publish","has-post-thumbnail","hentry"],"_links":{"self":[{"href":"https:\/\/semeursdupossible.com\/index.php\/wp-json\/wp\/v2\/pages\/3208"}],"collection":[{"href":"https:\/\/semeursdupossible.com\/index.php\/wp-json\/wp\/v2\/pages"}],"about":[{"href":"https:\/\/semeursdupossible.com\/index.php\/wp-json\/wp\/v2\/types\/page"}],"author":[{"embeddable":true,"href":"https:\/\/semeursdupossible.com\/index.php\/wp-json\/wp\/v2\/users\/2"}],"replies":[{"embeddable":true,"href":"https:\/\/semeursdupossible.com\/index.php\/wp-json\/wp\/v2\/comments?post=3208"}],"version-history":[{"count":5,"href":"https:\/\/semeursdupossible.com\/index.php\/wp-json\/wp\/v2\/pages\/3208\/revisions"}],"predecessor-version":[{"id":3476,"href":"https:\/\/semeursdupossible.com\/index.php\/wp-json\/wp\/v2\/pages\/3208\/revisions\/3476"}],"up":[{"embeddable":true,"href":"https:\/\/semeursdupossible.com\/index.php\/wp-json\/wp\/v2\/pages\/1891"}],"wp:featuredmedia":[{"embeddable":true,"href":"https:\/\/semeursdupossible.com\/index.php\/wp-json\/wp\/v2\/media\/3256"}],"wp:attachment":[{"href":"https:\/\/semeursdupossible.com\/index.php\/wp-json\/wp\/v2\/media?parent=3208"}],"curies":[{"name":"wp","href":"https:\/\/api.w.org\/{rel}","templated":true}]}}