{"id":2241,"date":"2015-11-23T15:22:08","date_gmt":"2020-02-07T14:22:21","guid":{"rendered":"https:\/\/semeursdupossible.com\/?page_id=2241"},"modified":"2020-04-28T14:51:23","modified_gmt":"2020-04-28T12:51:23","slug":"3-laureats-au-concours-regional-2015-de-less","status":"publish","type":"page","link":"https:\/\/semeursdupossible.com\/index.php\/tout-sur-semeurs\/ils-parlent-de-nous\/3-laureats-au-concours-regional-2015-de-less\/","title":{"rendered":"\u00ab\u00a03 laur\u00e9ats au concours r\u00e9gional 2015 de l&rsquo;ESS\u00a0\u00bb (M\u00e2con Infos le 23\/011\/2015)"},"content":{"rendered":"\t\t<div data-elementor-type=\"wp-page\" data-elementor-id=\"2241\" class=\"elementor elementor-2241\" data-elementor-settings=\"[]\">\n\t\t\t<div class=\"elementor-inner\">\n\t\t\t\t<div class=\"elementor-section-wrap\">\n\t\t\t\t\t\t\t<section class=\"elementor-element elementor-element-51992220 elementor-section-boxed elementor-section-height-default elementor-section-height-default elementor-section elementor-top-section\" data-id=\"51992220\" data-element_type=\"section\">\n\t\t\t\t\t\t<div class=\"elementor-container elementor-column-gap-default\">\n\t\t\t\t<div class=\"elementor-row\">\n\t\t\t\t<div class=\"elementor-element elementor-element-755253f9 elementor-column elementor-col-100 elementor-top-column\" data-id=\"755253f9\" data-element_type=\"column\">\n\t\t\t<div class=\"elementor-column-wrap  elementor-element-populated\">\n\t\t\t\t\t<div class=\"elementor-widget-wrap\">\n\t\t\t\t<section class=\"elementor-element elementor-element-5a457630 elementor-section-boxed elementor-section-height-default elementor-section-height-default elementor-section elementor-inner-section\" data-id=\"5a457630\" data-element_type=\"section\">\n\t\t\t\t\t\t<div class=\"elementor-container elementor-column-gap-default\">\n\t\t\t\t<div class=\"elementor-row\">\n\t\t\t\t<div class=\"elementor-element elementor-element-262a00b7 elementor-column elementor-col-50 elementor-inner-column\" data-id=\"262a00b7\" data-element_type=\"column\">\n\t\t\t<div class=\"elementor-column-wrap  elementor-element-populated\">\n\t\t\t\t\t<div class=\"elementor-widget-wrap\">\n\t\t\t\t<div class=\"elementor-element elementor-element-49d28492 elementor-widget elementor-widget-image\" data-id=\"49d28492\" data-element_type=\"widget\" data-widget_type=\"image.default\">\n\t\t\t\t<div class=\"elementor-widget-container\">\n\t\t\t\t\t<div class=\"elementor-image\">\n\t\t\t\t\t\t\t\t\t\t<img loading=\"lazy\" decoding=\"async\" width=\"800\" height=\"613\" src=\"https:\/\/semeursdupossible.com\/wp-content\/uploads\/2020\/02\/semeurs-du-possible-espaces-lieux-test-bourgogne-image-habillage-05.png\" class=\"attachment-large size-large\" alt=\"\" srcset=\"https:\/\/semeursdupossible.com\/wp-content\/uploads\/2020\/02\/semeurs-du-possible-espaces-lieux-test-bourgogne-image-habillage-05.png 1000w, https:\/\/semeursdupossible.com\/wp-content\/uploads\/2020\/02\/semeurs-du-possible-espaces-lieux-test-bourgogne-image-habillage-05-300x230.png 300w, https:\/\/semeursdupossible.com\/wp-content\/uploads\/2020\/02\/semeurs-du-possible-espaces-lieux-test-bourgogne-image-habillage-05-768x588.png 768w\" sizes=\"(max-width: 800px) 100vw, 800px\" \/>\t\t\t\t\t\t\t\t\t\t\t<\/div>\n\t\t\t\t<\/div>\n\t\t\t\t<\/div>\n\t\t\t\t\t\t<\/div>\n\t\t\t<\/div>\n\t\t<\/div>\n\t\t\t\t<div class=\"elementor-element elementor-element-2bdeac89 elementor-column elementor-col-50 elementor-inner-column\" data-id=\"2bdeac89\" data-element_type=\"column\">\n\t\t\t<div class=\"elementor-column-wrap  elementor-element-populated\">\n\t\t\t\t\t<div class=\"elementor-widget-wrap\">\n\t\t\t\t<div class=\"elementor-element elementor-element-52e1b7d1 elementor-widget elementor-widget-heading\" data-id=\"52e1b7d1\" data-element_type=\"widget\" data-widget_type=\"heading.default\">\n\t\t\t\t<div class=\"elementor-widget-container\">\n\t\t\t<h1 class=\"elementor-heading-title elementor-size-default\">\"3 laur\u00e9ats au concours r\u00e9gional 2015 de l'ESS\"<\/h1>\t\t<\/div>\n\t\t\t\t<\/div>\n\t\t\t\t<div class=\"elementor-element elementor-element-c48b2de elementor-widget elementor-widget-heading\" data-id=\"c48b2de\" data-element_type=\"widget\" data-widget_type=\"heading.default\">\n\t\t\t\t<div class=\"elementor-widget-container\">\n\t\t\t<h2 class=\"elementor-heading-title elementor-size-default\">publi\u00e9 dans M\u00e2con infos<\/h2>\t\t<\/div>\n\t\t\t\t<\/div>\n\t\t\t\t<div class=\"elementor-element elementor-element-1e16795c elementor-widget elementor-widget-text-editor\" data-id=\"1e16795c\" data-element_type=\"widget\" data-widget_type=\"text-editor.default\">\n\t\t\t\t<div class=\"elementor-widget-container\">\n\t\t\t\t\t<div class=\"elementor-text-editor elementor-clearfix\"><p>\u00ab\u00a0Comme chaque ann\u00e9e, la remise des prix aux laur\u00e9ats du concours r\u00e9gional de l\u2019ESS s\u2019est d\u00e9roul\u00e9e \u00e0 l\u2019H\u00f4tel de r\u00e9gion \u00e0 Dijon. Pour cette 9e \u00e9dition, trois structures ont \u00e9t\u00e9 r\u00e9compens\u00e9es : l\u2019association Semeurs du possible, &#8230;\u00a0\u00bb<\/p><\/div>\n\t\t\t\t<\/div>\n\t\t\t\t<\/div>\n\t\t\t\t\t\t<\/div>\n\t\t\t<\/div>\n\t\t<\/div>\n\t\t\t\t\t\t<\/div>\n\t\t\t<\/div>\n\t\t<\/section>\n\t\t\t\t<section class=\"elementor-element elementor-element-72ca1833 elementor-section-boxed elementor-section-height-default elementor-section-height-default elementor-section elementor-inner-section\" data-id=\"72ca1833\" data-element_type=\"section\">\n\t\t\t\t\t\t<div class=\"elementor-container elementor-column-gap-default\">\n\t\t\t\t<div class=\"elementor-row\">\n\t\t\t\t<div class=\"elementor-element elementor-element-423ebc92 elementor-column elementor-col-50 elementor-inner-column\" data-id=\"423ebc92\" data-element_type=\"column\">\n\t\t\t<div class=\"elementor-column-wrap  elementor-element-populated\">\n\t\t\t\t\t<div class=\"elementor-widget-wrap\">\n\t\t\t\t<div class=\"elementor-element elementor-element-12effe2 elementor-widget elementor-widget-gallery\" data-id=\"12effe2\" data-element_type=\"widget\" data-settings=\"{&quot;gallery_layout&quot;:&quot;masonry&quot;,&quot;columns&quot;:2,&quot;lazyload&quot;:&quot;yes&quot;,&quot;columns_tablet&quot;:2,&quot;columns_mobile&quot;:1,&quot;gap&quot;:{&quot;unit&quot;:&quot;px&quot;,&quot;size&quot;:10,&quot;sizes&quot;:[]},&quot;gap_tablet&quot;:{&quot;unit&quot;:&quot;px&quot;,&quot;size&quot;:10,&quot;sizes&quot;:[]},&quot;gap_mobile&quot;:{&quot;unit&quot;:&quot;px&quot;,&quot;size&quot;:10,&quot;sizes&quot;:[]},&quot;link_to&quot;:&quot;file&quot;,&quot;overlay_background&quot;:&quot;yes&quot;,&quot;content_hover_animation&quot;:&quot;fade-in&quot;}\" data-widget_type=\"gallery.default\">\n\t\t\t\t<div class=\"elementor-widget-container\">\n\t\t\t\t\t<div class=\"elementor-gallery__container\">\n\t\t\t\t\t\t\t<a class=\"e-gallery-item elementor-gallery-item elementor-animated-content\" href=\"https:\/\/semeursdupossible.com\/wp-content\/uploads\/2020\/04\/Prix-ESS-article.jpg\" data-elementor-open-lightbox=\"yes\" data-elementor-lightbox-slideshow=\"all-12effe2\" data-elementor-lightbox-title=\"Prix ESS article\">\n\t\t\t\t\t<div class=\"e-gallery-image elementor-gallery-item__image\" data-thumbnail=\"https:\/\/semeursdupossible.com\/wp-content\/uploads\/2020\/04\/Prix-ESS-article.jpg\" data-width=\"773\" data-height=\"862\" alt=\"\" ><\/div>\n\t\t\t\t\t\t\t\t\t\t<div class=\"elementor-gallery-item__overlay\"><\/div>\n\t\t\t\t\t\t\t\t\t\t\t\t\t\t<\/a>\n\t\t\t\t\t<\/div>\n\t\t\t<\/div>\n\t\t\t\t<\/div>\n\t\t\t\t\t\t<\/div>\n\t\t\t<\/div>\n\t\t<\/div>\n\t\t\t\t<div class=\"elementor-element elementor-element-6a46ccd8 elementor-column elementor-col-50 elementor-inner-column\" data-id=\"6a46ccd8\" data-element_type=\"column\">\n\t\t\t<div class=\"elementor-column-wrap  elementor-element-populated\">\n\t\t\t\t\t<div class=\"elementor-widget-wrap\">\n\t\t\t\t<div class=\"elementor-element elementor-element-552a5498 elementor-position-left elementor-view-default elementor-vertical-align-top elementor-widget elementor-widget-icon-box\" data-id=\"552a5498\" data-element_type=\"widget\" data-widget_type=\"icon-box.default\">\n\t\t\t\t<div class=\"elementor-widget-container\">\n\t\t\t\t\t<div class=\"elementor-icon-box-wrapper\">\n\t\t\t\t\t\t<div class=\"elementor-icon-box-icon\">\n\t\t\t\t<span class=\"elementor-icon elementor-animation-\" >\n\t\t\t\t<i aria-hidden=\"true\" class=\"far fa-newspaper\"><\/i>\t\t\t\t<\/span>\n\t\t\t<\/div>\n\t\t\t\t\t\t<div class=\"elementor-icon-box-content\">\n\t\t\t\t<h3 class=\"elementor-icon-box-title\">\n\t\t\t\t\t<span >publication<\/span>\n\t\t\t\t<\/h3>\n\t\t\t\t\t\t\t\t<p class=\"elementor-icon-box-description\">Article publi\u00e9 dans M\u00e2con Infos<\/p>\n\t\t\t\t\t\t\t<\/div>\n\t\t<\/div>\n\t\t\t\t<\/div>\n\t\t\t\t<\/div>\n\t\t\t\t<div class=\"elementor-element elementor-element-52108110 elementor-position-left elementor-view-default elementor-vertical-align-top elementor-widget elementor-widget-icon-box\" data-id=\"52108110\" data-element_type=\"widget\" data-widget_type=\"icon-box.default\">\n\t\t\t\t<div class=\"elementor-widget-container\">\n\t\t\t\t\t<div class=\"elementor-icon-box-wrapper\">\n\t\t\t\t\t\t<div class=\"elementor-icon-box-icon\">\n\t\t\t\t<span class=\"elementor-icon elementor-animation-\" >\n\t\t\t\t<i aria-hidden=\"true\" class=\"far fa-calendar-alt\"><\/i>\t\t\t\t<\/span>\n\t\t\t<\/div>\n\t\t\t\t\t\t<div class=\"elementor-icon-box-content\">\n\t\t\t\t<h3 class=\"elementor-icon-box-title\">\n\t\t\t\t\t<span >date de publication<\/span>\n\t\t\t\t<\/h3>\n\t\t\t\t\t\t\t\t<p class=\"elementor-icon-box-description\">23\/11\/2015<\/p>\n\t\t\t\t\t\t\t<\/div>\n\t\t<\/div>\n\t\t\t\t<\/div>\n\t\t\t\t<\/div>\n\t\t\t\t<div class=\"elementor-element elementor-element-393b2fe elementor-position-left elementor-view-default elementor-vertical-align-top elementor-widget elementor-widget-icon-box\" data-id=\"393b2fe\" data-element_type=\"widget\" data-widget_type=\"icon-box.default\">\n\t\t\t\t<div class=\"elementor-widget-container\">\n\t\t\t\t\t<div class=\"elementor-icon-box-wrapper\">\n\t\t\t\t\t\t<div class=\"elementor-icon-box-icon\">\n\t\t\t\t<a class=\"elementor-icon elementor-animation-\" href=\"https:\/\/www.macon-infos.com\/index.php?option=com_content&amp;view=article&amp;id=4762:bourgogne-3-laureats-au-concours-regional-2015-de-l-economie-sociale-et-solidaire&amp;catid=177&amp;Itemid=696&amp;lang=fr\" target=\"_blank\">\n\t\t\t\t<i aria-hidden=\"true\" class=\"fas fa-link\"><\/i>\t\t\t\t<\/a>\n\t\t\t<\/div>\n\t\t\t\t\t\t<div class=\"elementor-icon-box-content\">\n\t\t\t\t<h3 class=\"elementor-icon-box-title\">\n\t\t\t\t\t<a href=\"https:\/\/www.macon-infos.com\/index.php?option=com_content&amp;view=article&amp;id=4762:bourgogne-3-laureats-au-concours-regional-2015-de-l-economie-sociale-et-solidaire&amp;catid=177&amp;Itemid=696&amp;lang=fr\" target=\"_blank\">Consulter l'article<\/a>\n\t\t\t\t<\/h3>\n\t\t\t\t\t\t\t\t<p class=\"elementor-icon-box-description\">Consulter l'article complet en ligne sur le site de l'\u00e9diteur<\/p>\n\t\t\t\t\t\t\t<\/div>\n\t\t<\/div>\n\t\t\t\t<\/div>\n\t\t\t\t<\/div>\n\t\t\t\t\t\t<\/div>\n\t\t\t<\/div>\n\t\t<\/div>\n\t\t\t\t\t\t<\/div>\n\t\t\t<\/div>\n\t\t<\/section>\n\t\t\t\t\t\t<\/div>\n\t\t\t<\/div>\n\t\t<\/div>\n\t\t\t\t\t\t<\/div>\n\t\t\t<\/div>\n\t\t<\/section>\n\t\t\t\t\t\t<\/div>\n\t\t\t<\/div>\n\t\t<\/div>\n\t\t","protected":false},"excerpt":{"rendered":"<p>\u00ab\u00a03 laur\u00e9ats au concours r\u00e9gional 2015 de l&rsquo;ESS\u00a0\u00bb publi\u00e9 dans M\u00e2con infos \u00ab\u00a0Comme chaque ann\u00e9e, la remise des prix aux laur\u00e9ats du concours r\u00e9gional de l\u2019ESS s\u2019est d\u00e9roul\u00e9e \u00e0 l\u2019H\u00f4tel de r\u00e9gion \u00e0 Dijon. Pour cette 9e \u00e9dition, trois structures ont \u00e9t\u00e9 r\u00e9compens\u00e9es : l\u2019association Semeurs du possible, &#8230;\u00a0\u00bb publication Article publi\u00e9 dans M\u00e2con Infos [&hellip;]<\/p>\n","protected":false},"author":1,"featured_media":2964,"parent":1947,"menu_order":11,"comment_status":"closed","ping_status":"closed","template":"","meta":{"footnotes":""},"class_list":["post-2241","page","type-page","status-publish","has-post-thumbnail","hentry"],"_links":{"self":[{"href":"https:\/\/semeursdupossible.com\/index.php\/wp-json\/wp\/v2\/pages\/2241"}],"collection":[{"href":"https:\/\/semeursdupossible.com\/index.php\/wp-json\/wp\/v2\/pages"}],"about":[{"href":"https:\/\/semeursdupossible.com\/index.php\/wp-json\/wp\/v2\/types\/page"}],"author":[{"embeddable":true,"href":"https:\/\/semeursdupossible.com\/index.php\/wp-json\/wp\/v2\/users\/1"}],"replies":[{"embeddable":true,"href":"https:\/\/semeursdupossible.com\/index.php\/wp-json\/wp\/v2\/comments?post=2241"}],"version-history":[{"count":17,"href":"https:\/\/semeursdupossible.com\/index.php\/wp-json\/wp\/v2\/pages\/2241\/revisions"}],"predecessor-version":[{"id":2968,"href":"https:\/\/semeursdupossible.com\/index.php\/wp-json\/wp\/v2\/pages\/2241\/revisions\/2968"}],"up":[{"embeddable":true,"href":"https:\/\/semeursdupossible.com\/index.php\/wp-json\/wp\/v2\/pages\/1947"}],"wp:featuredmedia":[{"embeddable":true,"href":"https:\/\/semeursdupossible.com\/index.php\/wp-json\/wp\/v2\/media\/2964"}],"wp:attachment":[{"href":"https:\/\/semeursdupossible.com\/index.php\/wp-json\/wp\/v2\/media?parent=2241"}],"curies":[{"name":"wp","href":"https:\/\/api.w.org\/{rel}","templated":true}]}}