{"id":2168,"date":"2020-02-04T16:15:07","date_gmt":"2020-02-04T15:15:14","guid":{"rendered":"https:\/\/semeursdupossible.com\/index.php\/tout-sur-semeurs\/decouvrir-semeurs-du-possible-reseau-associatif\/"},"modified":"2024-10-30T15:41:42","modified_gmt":"2024-10-30T14:41:42","slug":"decouvrir-semeurs-du-possible-reseau-associatif","status":"publish","type":"page","link":"https:\/\/semeursdupossible.com\/index.php\/tout-sur-semeurs\/decouvrir-semeurs-du-possible-reseau-associatif\/","title":{"rendered":"D\u00e9couvrir Semeurs du Possible, r\u00e9seau associatif"},"content":{"rendered":"\t\t<div data-elementor-type=\"wp-page\" data-elementor-id=\"2168\" class=\"elementor elementor-2168\" data-elementor-settings=\"[]\">\n\t\t\t<div class=\"elementor-inner\">\n\t\t\t\t<div class=\"elementor-section-wrap\">\n\t\t\t\t\t\t\t<section class=\"elementor-element elementor-element-6718cf2a elementor-section-boxed elementor-section-height-default elementor-section-height-default elementor-section elementor-top-section\" data-id=\"6718cf2a\" data-element_type=\"section\">\n\t\t\t\t\t\t<div class=\"elementor-container elementor-column-gap-default\">\n\t\t\t\t<div class=\"elementor-row\">\n\t\t\t\t<div class=\"elementor-element elementor-element-471280b elementor-column elementor-col-50 elementor-top-column\" data-id=\"471280b\" data-element_type=\"column\">\n\t\t\t<div class=\"elementor-column-wrap  elementor-element-populated\">\n\t\t\t\t\t<div class=\"elementor-widget-wrap\">\n\t\t\t\t<div class=\"elementor-element elementor-element-6f0e19a3 elementor-widget elementor-widget-image\" data-id=\"6f0e19a3\" data-element_type=\"widget\" data-widget_type=\"image.default\">\n\t\t\t\t<div class=\"elementor-widget-container\">\n\t\t\t\t\t<div class=\"elementor-image\">\n\t\t\t\t\t\t\t\t\t\t<img loading=\"lazy\" decoding=\"async\" width=\"800\" height=\"363\" src=\"https:\/\/semeursdupossible.com\/wp-content\/uploads\/2020\/02\/semeurs-du-possible-espaces-lieux-test-bourgogne-image-habillage-04-1024x464.png\" class=\"attachment-large size-large\" alt=\"\" srcset=\"https:\/\/semeursdupossible.com\/wp-content\/uploads\/2020\/02\/semeurs-du-possible-espaces-lieux-test-bourgogne-image-habillage-04-1024x464.png 1024w, https:\/\/semeursdupossible.com\/wp-content\/uploads\/2020\/02\/semeurs-du-possible-espaces-lieux-test-bourgogne-image-habillage-04-300x136.png 300w, https:\/\/semeursdupossible.com\/wp-content\/uploads\/2020\/02\/semeurs-du-possible-espaces-lieux-test-bourgogne-image-habillage-04-768x348.png 768w, https:\/\/semeursdupossible.com\/wp-content\/uploads\/2020\/02\/semeurs-du-possible-espaces-lieux-test-bourgogne-image-habillage-04-1536x696.png 1536w, https:\/\/semeursdupossible.com\/wp-content\/uploads\/2020\/02\/semeurs-du-possible-espaces-lieux-test-bourgogne-image-habillage-04.png 1766w\" sizes=\"(max-width: 800px) 100vw, 800px\" \/>\t\t\t\t\t\t\t\t\t\t\t<\/div>\n\t\t\t\t<\/div>\n\t\t\t\t<\/div>\n\t\t\t\t\t\t<\/div>\n\t\t\t<\/div>\n\t\t<\/div>\n\t\t\t\t<div class=\"elementor-element elementor-element-68026100 elementor-column elementor-col-50 elementor-top-column\" data-id=\"68026100\" data-element_type=\"column\">\n\t\t\t<div class=\"elementor-column-wrap  elementor-element-populated\">\n\t\t\t\t\t<div class=\"elementor-widget-wrap\">\n\t\t\t\t<div class=\"elementor-element elementor-element-c46a77e elementor-widget elementor-widget-heading\" data-id=\"c46a77e\" data-element_type=\"widget\" data-widget_type=\"heading.default\">\n\t\t\t\t<div class=\"elementor-widget-container\">\n\t\t\t<h1 class=\"elementor-heading-title elementor-size-default\">Semeurs du possible, r\u00e9seau associatif<\/h1>\t\t<\/div>\n\t\t\t\t<\/div>\n\t\t\t\t<div class=\"elementor-element elementor-element-14e0d1ed elementor-widget elementor-widget-text-editor\" data-id=\"14e0d1ed\" data-element_type=\"widget\" data-widget_type=\"text-editor.default\">\n\t\t\t\t<div class=\"elementor-widget-container\">\n\t\t\t\t\t<div class=\"elementor-text-editor elementor-clearfix\"><p style=\"text-align: justify;\">Semeurs du possible est une association cr\u00e9\u00e9e en r\u00e9ponse aux nouveaux enjeux agricoles : produire une alimentation de qualit\u00e9 dans un environnement pr\u00e9serv\u00e9, accompagner des personnes non issues du milieu agricole \u00e0 cr\u00e9er de l\u2019emploi durable, et participer au renouvellement des g\u00e9n\u00e9rations agricoles.<\/p><\/div>\n\t\t\t\t<\/div>\n\t\t\t\t<\/div>\n\t\t\t\t\t\t<\/div>\n\t\t\t<\/div>\n\t\t<\/div>\n\t\t\t\t\t\t<\/div>\n\t\t\t<\/div>\n\t\t<\/section>\n\t\t\t\t<section class=\"elementor-element elementor-element-4657e568 elementor-section-boxed elementor-section-height-default elementor-section-height-default elementor-section elementor-top-section\" data-id=\"4657e568\" data-element_type=\"section\">\n\t\t\t\t\t\t<div class=\"elementor-container elementor-column-gap-default\">\n\t\t\t\t<div class=\"elementor-row\">\n\t\t\t\t<div class=\"elementor-element elementor-element-6ff4b486 elementor-column elementor-col-50 elementor-top-column\" data-id=\"6ff4b486\" data-element_type=\"column\">\n\t\t\t<div class=\"elementor-column-wrap  elementor-element-populated\">\n\t\t\t\t\t<div class=\"elementor-widget-wrap\">\n\t\t\t\t<div class=\"elementor-element elementor-element-705b732a elementor-widget elementor-widget-accordion\" data-id=\"705b732a\" data-element_type=\"widget\" data-widget_type=\"accordion.default\">\n\t\t\t\t<div class=\"elementor-widget-container\">\n\t\t\t\t\t<div class=\"elementor-accordion\" role=\"tablist\">\n\t\t\t\t\t\t\t<div class=\"elementor-accordion-item\">\n\t\t\t\t\t<div id=\"elementor-tab-title-1881\" class=\"elementor-tab-title\" data-tab=\"1\" role=\"tab\" aria-controls=\"elementor-tab-content-1881\">\n\t\t\t\t\t\t\t\t\t\t\t\t\t<span class=\"elementor-accordion-icon elementor-accordion-icon-left\" aria-hidden=\"true\">\n\t\t\t\t\t\t\t\t\t\t\t\t\t\t\t<span class=\"elementor-accordion-icon-closed\"><i class=\"fas fa-plus\"><\/i><\/span>\n\t\t\t\t\t\t\t\t<span class=\"elementor-accordion-icon-opened\"><i class=\"fas fa-minus\"><\/i><\/span>\n\t\t\t\t\t\t\t\t\t\t\t\t\t\t<\/span>\n\t\t\t\t\t\t\t\t\t\t\t\t<a class=\"elementor-accordion-title\" href=\"\">historique<\/a>\n\t\t\t\t\t<\/div>\n\t\t\t\t\t<div id=\"elementor-tab-content-1881\" class=\"elementor-tab-content elementor-clearfix\" data-tab=\"1\" role=\"tabpanel\" aria-labelledby=\"elementor-tab-title-1881\"><p style=\"text-align: justify;\">Le projet d\u2019un Espace test agricole en Bourgogne est n\u00e9 en 2013 d\u2019une \u00e9tude de faisabilit\u00e9 pilot\u00e9e par la Caisse r\u00e9gionale de la MSA en 2009- 2010. D\u00e8s l\u2019origine, de nombreuses parties prenantes se sont rassembl\u00e9es dans une d\u00e9marche de coop\u00e9ration afin de mutualiser les pratiques et les outils en mati\u00e8re de\u00a0 lieux tests agricoles.<\/p><p style=\"text-align: justify;\">Dans un contexte de diminution du nombre d\u2019actifs agricoles, le test d\u2019activit\u00e9, outil innovant au croisement de l\u2019agriculture et de l\u2019\u00e9conomie sociale et solidaire, participe au renouvellement des g\u00e9n\u00e9rations d\u2019agriculteurs et encourage la cr\u00e9ation d\u2019activit\u00e9 agricole professionnelle progressive.<\/p><p style=\"text-align: justify;\">Fruits de ses ann\u00e9es d\u2019exp\u00e9riences, <strong>Semeurs du possible<\/strong> a port\u00e9 une quinzaine de lieux-test agricoles r\u00e9partis sur le territoire bourguignon et accompagn\u00e9 une trentaine de porteurs de projet agricoles en phase de test d\u2019activit\u00e9.<\/p><\/div>\n\t\t\t\t<\/div>\n\t\t\t\t\t\t\t<div class=\"elementor-accordion-item\">\n\t\t\t\t\t<div id=\"elementor-tab-title-1882\" class=\"elementor-tab-title\" data-tab=\"2\" role=\"tab\" aria-controls=\"elementor-tab-content-1882\">\n\t\t\t\t\t\t\t\t\t\t\t\t\t<span class=\"elementor-accordion-icon elementor-accordion-icon-left\" aria-hidden=\"true\">\n\t\t\t\t\t\t\t\t\t\t\t\t\t\t\t<span class=\"elementor-accordion-icon-closed\"><i class=\"fas fa-plus\"><\/i><\/span>\n\t\t\t\t\t\t\t\t<span class=\"elementor-accordion-icon-opened\"><i class=\"fas fa-minus\"><\/i><\/span>\n\t\t\t\t\t\t\t\t\t\t\t\t\t\t<\/span>\n\t\t\t\t\t\t\t\t\t\t\t\t<a class=\"elementor-accordion-title\" href=\"\">Objectifs et valeurs<\/a>\n\t\t\t\t\t<\/div>\n\t\t\t\t\t<div id=\"elementor-tab-content-1882\" class=\"elementor-tab-content elementor-clearfix\" data-tab=\"2\" role=\"tabpanel\" aria-labelledby=\"elementor-tab-title-1882\"><p style=\"text-align: justify;\"><strong>Semeurs du possible<\/strong> accompagne en Bourgogne la mise en \u0153uvre de projets agricoles durables, en priorit\u00e9 en agriculture biologique qui :<\/p><ul style=\"text-align: justify;\"><li>respectent l\u2019Homme et son environnement et son ancr\u00e9s dans leur territoire<\/li><li>participent au renforcement de la coop\u00e9ration entre les projets agricoles<\/li><li>ont le soucis de l\u2019animation des dynamiques territoriales.<\/li><\/ul><p style=\"text-align: justify;\">Elle agit selon des valeurs et principes de :<\/p><ul><li style=\"text-align: justify;\">coop\u00e9ration<\/li><li style=\"text-align: justify;\">concertation<\/li><li style=\"text-align: justify;\">d\u00e9mocratie<\/li><li style=\"text-align: justify;\">participative<\/li><li style=\"text-align: justify;\">\u00e9ducation populaire<\/li><li style=\"text-align: justify;\">solidarit\u00e9<\/li><\/ul><\/div>\n\t\t\t\t<\/div>\n\t\t\t\t\t<\/div>\n\t\t\t\t<\/div>\n\t\t\t\t<\/div>\n\t\t\t\t\t\t<\/div>\n\t\t\t<\/div>\n\t\t<\/div>\n\t\t\t\t<div class=\"elementor-element elementor-element-5f7b8e81 elementor-column elementor-col-50 elementor-top-column\" data-id=\"5f7b8e81\" data-element_type=\"column\">\n\t\t\t<div class=\"elementor-column-wrap  elementor-element-populated\">\n\t\t\t\t\t<div class=\"elementor-widget-wrap\">\n\t\t\t\t<div class=\"elementor-element elementor-element-7dd63e37 elementor-widget elementor-widget-accordion\" data-id=\"7dd63e37\" data-element_type=\"widget\" data-widget_type=\"accordion.default\">\n\t\t\t\t<div class=\"elementor-widget-container\">\n\t\t\t\t\t<div class=\"elementor-accordion\" role=\"tablist\">\n\t\t\t\t\t\t\t<div class=\"elementor-accordion-item\">\n\t\t\t\t\t<div id=\"elementor-tab-title-2111\" class=\"elementor-tab-title\" data-tab=\"1\" role=\"tab\" aria-controls=\"elementor-tab-content-2111\">\n\t\t\t\t\t\t\t\t\t\t\t\t\t<span class=\"elementor-accordion-icon elementor-accordion-icon-left\" aria-hidden=\"true\">\n\t\t\t\t\t\t\t\t\t\t\t\t\t\t\t<span class=\"elementor-accordion-icon-closed\"><i class=\"fas fa-plus\"><\/i><\/span>\n\t\t\t\t\t\t\t\t<span class=\"elementor-accordion-icon-opened\"><i class=\"fas fa-minus\"><\/i><\/span>\n\t\t\t\t\t\t\t\t\t\t\t\t\t\t<\/span>\n\t\t\t\t\t\t\t\t\t\t\t\t<a class=\"elementor-accordion-title\" href=\"\">Semeurs c\u2019est aussi \u2026<\/a>\n\t\t\t\t\t<\/div>\n\t\t\t\t\t<div id=\"elementor-tab-content-2111\" class=\"elementor-tab-content elementor-clearfix\" data-tab=\"1\" role=\"tabpanel\" aria-labelledby=\"elementor-tab-title-2111\"><ul><li style=\"text-align: justify;\">Une association qui participe \u00e0 la r\u00e9alisation d\u2019\u00e9tudes sur diff\u00e9rentes probl\u00e9matiques telles que la reprise\/ transmission d\u2019exploitations, la cr\u00e9ation d\u2019activit\u00e9s durables sur les territoires ruraux<\/li><li style=\"text-align: justify;\">Un partenaire des collectivit\u00e9s territoriales dans le d\u00e9veloppement de leurs projets alimentaires territoriaux.<\/li><\/ul><\/div>\n\t\t\t\t<\/div>\n\t\t\t\t\t\t\t<div class=\"elementor-accordion-item\">\n\t\t\t\t\t<div id=\"elementor-tab-title-2112\" class=\"elementor-tab-title\" data-tab=\"2\" role=\"tab\" aria-controls=\"elementor-tab-content-2112\">\n\t\t\t\t\t\t\t\t\t\t\t\t\t<span class=\"elementor-accordion-icon elementor-accordion-icon-left\" aria-hidden=\"true\">\n\t\t\t\t\t\t\t\t\t\t\t\t\t\t\t<span class=\"elementor-accordion-icon-closed\"><i class=\"fas fa-plus\"><\/i><\/span>\n\t\t\t\t\t\t\t\t<span class=\"elementor-accordion-icon-opened\"><i class=\"fas fa-minus\"><\/i><\/span>\n\t\t\t\t\t\t\t\t\t\t\t\t\t\t<\/span>\n\t\t\t\t\t\t\t\t\t\t\t\t<a class=\"elementor-accordion-title\" href=\"\">gouvernance<\/a>\n\t\t\t\t\t<\/div>\n\t\t\t\t\t<div id=\"elementor-tab-content-2112\" class=\"elementor-tab-content elementor-clearfix\" data-tab=\"2\" role=\"tabpanel\" aria-labelledby=\"elementor-tab-title-2112\"><p style=\"text-align: justify;\">L\u2019association <strong>Semeurs du possible<\/strong> regroupe plusieurs dizaines d&rsquo;adh\u00e9rents appartenant \u00e0 4 coll\u00e8ges \u2013 personnes morales ou physiques \u2013 partenaires ou b\u00e9n\u00e9ficiaires de ses actions.<\/p><p style=\"text-align: justify;\">Ils se r\u00e9partissent ainsi :<\/p><ul style=\"text-align: justify;\"><li>les membres fondateurs,<\/li><li>les repr\u00e9sentants des lieux-tests agricoles,<\/li><li>les personnes physiques impliqu\u00e9s (agriculteurs tuteurs, porteurs de projet&#8230;),<\/li><li>les partenaires<\/li><\/ul><p style=\"text-align: justify;\">L\u2019association est g\u00e9r\u00e9e au quotidien par une \u00e9quipe de deux salari\u00e9s \u00e9paul\u00e9s par un conseil d&rsquo;administration repr\u00e9sentatif de la diversit\u00e9 des participants.<\/p><\/div>\n\t\t\t\t<\/div>\n\t\t\t\t\t\t\t<div class=\"elementor-accordion-item\">\n\t\t\t\t\t<div id=\"elementor-tab-title-2113\" class=\"elementor-tab-title\" data-tab=\"3\" role=\"tab\" aria-controls=\"elementor-tab-content-2113\">\n\t\t\t\t\t\t\t\t\t\t\t\t\t<span class=\"elementor-accordion-icon elementor-accordion-icon-left\" aria-hidden=\"true\">\n\t\t\t\t\t\t\t\t\t\t\t\t\t\t\t<span class=\"elementor-accordion-icon-closed\"><i class=\"fas fa-plus\"><\/i><\/span>\n\t\t\t\t\t\t\t\t<span class=\"elementor-accordion-icon-opened\"><i class=\"fas fa-minus\"><\/i><\/span>\n\t\t\t\t\t\t\t\t\t\t\t\t\t\t<\/span>\n\t\t\t\t\t\t\t\t\t\t\t\t<a class=\"elementor-accordion-title\" href=\"\">statuts<\/a>\n\t\t\t\t\t<\/div>\n\t\t\t\t\t<div id=\"elementor-tab-content-2113\" class=\"elementor-tab-content elementor-clearfix\" data-tab=\"3\" role=\"tabpanel\" aria-labelledby=\"elementor-tab-title-2113\"><div style=\"text-align: justify;\">Vous souhaitez consulter les statuts de l&rsquo;association ?<\/div><div style=\"text-align: justify;\">Cliquez ci-dessous pour les t\u00e9l\u00e9charger.<\/div><div>\u00a0<\/div><div><a href=\"https:\/\/semeursdupossible.com\/wp-content\/uploads\/2020\/01\/semeurs-du-possible-espaces-lieux-test-bourgogne-download-statuts-association-2017.pdf\" target=\"_blank\" rel=\"noopener\"><img loading=\"lazy\" decoding=\"async\" class=\"aligncenter wp-image-2071 size-full\" src=\"https:\/\/semeursdupossible.com\/wp-content\/uploads\/2020\/01\/semeurs-du-possible-espaces-lieux-test-bourgogne-image-download-pdf-e1580331766888.png\" alt=\"\" width=\"80\" height=\"97\" \/><\/a><\/div><\/div>\n\t\t\t\t<\/div>\n\t\t\t\t\t<\/div>\n\t\t\t\t<\/div>\n\t\t\t\t<\/div>\n\t\t\t\t\t\t<\/div>\n\t\t\t<\/div>\n\t\t<\/div>\n\t\t\t\t\t\t<\/div>\n\t\t\t<\/div>\n\t\t<\/section>\n\t\t\t\t<section class=\"elementor-element elementor-element-6429b1f elementor-section-boxed elementor-section-height-default elementor-section-height-default elementor-section elementor-top-section\" data-id=\"6429b1f\" data-element_type=\"section\">\n\t\t\t\t\t\t<div class=\"elementor-container elementor-column-gap-default\">\n\t\t\t\t<div class=\"elementor-row\">\n\t\t\t\t<div class=\"elementor-element elementor-element-4a0056e elementor-column elementor-col-100 elementor-top-column\" data-id=\"4a0056e\" data-element_type=\"column\">\n\t\t\t<div class=\"elementor-column-wrap  elementor-element-populated\">\n\t\t\t\t\t<div class=\"elementor-widget-wrap\">\n\t\t\t\t<div class=\"elementor-element elementor-element-2d59200 elementor-widget-divider--separator-type-pattern elementor-widget-divider--no-spacing elementor-widget elementor-widget-divider\" data-id=\"2d59200\" data-element_type=\"widget\" data-widget_type=\"divider.default\">\n\t\t\t\t<div class=\"elementor-widget-container\">\n\t\t\t\t\t<div class=\"elementor-divider\" style=\"--divider-pattern-url: url(&quot;data:image\/svg+xml,%3Csvg xmlns=&#039;http:\/\/www.w3.org\/2000\/svg&#039; preserveAspectRatio=&#039;xMidYMid meet&#039; overflow=&#039;visible&#039; height=&#039;100%&#039; viewBox=&#039;0 0 126 26&#039; fill=&#039;%2393B400&#039; stroke=&#039;none&#039;%3E%3Cpath d=&#039;M3,10.2c2.6,0,2.6,2,2.6,3.2S4.4,16.5,3,16.5s-3-1.4-3-3.2S0.4,10.2,3,10.2z M18.8,10.2c1.7,0,3.2,1.4,3.2,3.2s-1.4,3.2-3.2,3.2c-1.7,0-3.2-1.4-3.2-3.2S17,10.2,18.8,10.2z M34.6,10.2c1.5,0,2.6,1.4,2.6,3.2s-0.5,3.2-1.9,3.2c-1.5,0-3.4-1.4-3.4-3.2S33.1,10.2,34.6,10.2z M50.5,10.2c1.7,0,3.2,1.4,3.2,3.2s-1.4,3.2-3.2,3.2c-1.7,0-3.3-0.9-3.3-2.6S48.7,10.2,50.5,10.2z M66.2,10.2c1.5,0,3.4,1.4,3.4,3.2s-1.9,3.2-3.4,3.2c-1.5,0-2.6-0.4-2.6-2.1S64.8,10.2,66.2,10.2z M82.2,10.2c1.7,0.8,2.6,1.4,2.6,3.2s-0.1,3.2-1.6,3.2c-1.5,0-3.7-1.4-3.7-3.2S80.5,9.4,82.2,10.2zM98.6,10.2c1.5,0,2.6,0.4,2.6,2.1s-1.2,4.2-2.6,4.2c-1.5,0-3.7-0.4-3.7-2.1S97.1,10.2,98.6,10.2z M113.4,10.2c1.2,0,2.2,0.9,2.2,3.2s-0.1,3.2-1.3,3.2s-3.1-1.4-3.1-3.2S112.2,10.2,113.4,10.2z&#039;\/%3E%3C\/svg%3E&quot;);\">\n\t\t\t<span class=\"elementor-divider-separator\">\n\t\t\t\t\t\t<\/span>\n\t\t<\/div>\n\t\t\t\t<\/div>\n\t\t\t\t<\/div>\n\t\t\t\t\t\t<\/div>\n\t\t\t<\/div>\n\t\t<\/div>\n\t\t\t\t\t\t<\/div>\n\t\t\t<\/div>\n\t\t<\/section>\n\t\t\t\t<section class=\"elementor-element elementor-element-768b170 elementor-section-boxed elementor-section-height-default elementor-section-height-default elementor-section elementor-top-section\" data-id=\"768b170\" data-element_type=\"section\">\n\t\t\t\t\t\t<div class=\"elementor-container elementor-column-gap-default\">\n\t\t\t\t<div class=\"elementor-row\">\n\t\t\t\t<div class=\"elementor-element elementor-element-d282cc4 elementor-column elementor-col-100 elementor-top-column\" data-id=\"d282cc4\" data-element_type=\"column\">\n\t\t\t<div class=\"elementor-column-wrap  elementor-element-populated\">\n\t\t\t\t\t<div class=\"elementor-widget-wrap\">\n\t\t\t\t<div class=\"elementor-element elementor-element-668ad14 elementor-widget elementor-widget-heading\" data-id=\"668ad14\" data-element_type=\"widget\" data-widget_type=\"heading.default\">\n\t\t\t\t<div class=\"elementor-widget-container\">\n\t\t\t<h2 class=\"elementor-heading-title elementor-size-default\">l'\u00e9quipe<\/h2>\t\t<\/div>\n\t\t\t\t<\/div>\n\t\t\t\t<div class=\"elementor-element elementor-element-a30cdd6 elementor-widget elementor-widget-text-editor\" data-id=\"a30cdd6\" data-element_type=\"widget\" data-widget_type=\"text-editor.default\">\n\t\t\t\t<div class=\"elementor-widget-container\">\n\t\t\t\t\t<div class=\"elementor-text-editor elementor-clearfix\"><p>L&rsquo;\u00e9quipe qui fait vivre le r\u00e9seau :\u00a0<\/p><ul><li>Un Conseil d&rsquo;administration ( constitu\u00e9s de repr\u00e9sentants de la MSA, du CFPPA du Morvan, de Chambres d&rsquo;agriculture (71,21,58), de Terre de Liens, d&rsquo;Accueil Paysan, de Coopilote, ainsi que d&rsquo;entrepreneurs en test et de structures accueillant du test )<\/li><li>Quatre personnes embauch\u00e9es par la structure :<\/li><\/ul><\/div>\n\t\t\t\t<\/div>\n\t\t\t\t<\/div>\n\t\t\t\t<div class=\"elementor-element elementor-element-397936a elementor-widget elementor-widget-image\" data-id=\"397936a\" data-element_type=\"widget\" data-widget_type=\"image.default\">\n\t\t\t\t<div class=\"elementor-widget-container\">\n\t\t\t\t\t<div class=\"elementor-image\">\n\t\t\t\t\t\t\t\t\t\t<img loading=\"lazy\" decoding=\"async\" width=\"799\" height=\"371\" src=\"https:\/\/semeursdupossible.com\/wp-content\/uploads\/2024\/10\/Auriane-Referente-gestions-et-partenariats.png\" class=\"attachment-large size-large\" alt=\"\" srcset=\"https:\/\/semeursdupossible.com\/wp-content\/uploads\/2024\/10\/Auriane-Referente-gestions-et-partenariats.png 799w, https:\/\/semeursdupossible.com\/wp-content\/uploads\/2024\/10\/Auriane-Referente-gestions-et-partenariats-300x139.png 300w, https:\/\/semeursdupossible.com\/wp-content\/uploads\/2024\/10\/Auriane-Referente-gestions-et-partenariats-768x357.png 768w\" sizes=\"(max-width: 799px) 100vw, 799px\" \/>\t\t\t\t\t\t\t\t\t\t\t<\/div>\n\t\t\t\t<\/div>\n\t\t\t\t<\/div>\n\t\t\t\t\t\t<\/div>\n\t\t\t<\/div>\n\t\t<\/div>\n\t\t\t\t\t\t<\/div>\n\t\t\t<\/div>\n\t\t<\/section>\n\t\t\t\t\t\t<\/div>\n\t\t\t<\/div>\n\t\t<\/div>\n\t\t","protected":false},"excerpt":{"rendered":"<p>Semeurs du possible, r\u00e9seau associatif Semeurs du possible est une association cr\u00e9\u00e9e en r\u00e9ponse aux nouveaux enjeux agricoles : produire une alimentation de qualit\u00e9 dans un environnement pr\u00e9serv\u00e9, accompagner des personnes non issues du milieu agricole \u00e0 cr\u00e9er de l\u2019emploi durable, et participer au renouvellement des g\u00e9n\u00e9rations agricoles. historique Le projet d\u2019un Espace test agricole [&hellip;]<\/p>\n","protected":false},"author":1,"featured_media":0,"parent":1754,"menu_order":0,"comment_status":"closed","ping_status":"closed","template":"","meta":{"footnotes":""},"class_list":["post-2168","page","type-page","status-publish","hentry"],"_links":{"self":[{"href":"https:\/\/semeursdupossible.com\/index.php\/wp-json\/wp\/v2\/pages\/2168"}],"collection":[{"href":"https:\/\/semeursdupossible.com\/index.php\/wp-json\/wp\/v2\/pages"}],"about":[{"href":"https:\/\/semeursdupossible.com\/index.php\/wp-json\/wp\/v2\/types\/page"}],"author":[{"embeddable":true,"href":"https:\/\/semeursdupossible.com\/index.php\/wp-json\/wp\/v2\/users\/1"}],"replies":[{"embeddable":true,"href":"https:\/\/semeursdupossible.com\/index.php\/wp-json\/wp\/v2\/comments?post=2168"}],"version-history":[{"count":38,"href":"https:\/\/semeursdupossible.com\/index.php\/wp-json\/wp\/v2\/pages\/2168\/revisions"}],"predecessor-version":[{"id":4483,"href":"https:\/\/semeursdupossible.com\/index.php\/wp-json\/wp\/v2\/pages\/2168\/revisions\/4483"}],"up":[{"embeddable":true,"href":"https:\/\/semeursdupossible.com\/index.php\/wp-json\/wp\/v2\/pages\/1754"}],"wp:attachment":[{"href":"https:\/\/semeursdupossible.com\/index.php\/wp-json\/wp\/v2\/media?parent=2168"}],"curies":[{"name":"wp","href":"https:\/\/api.w.org\/{rel}","templated":true}]}}