{"id":1894,"date":"2019-12-02T23:21:35","date_gmt":"2019-12-02T22:21:07","guid":{"rendered":"https:\/\/semeursdupossible.com\/index.php\/entreprendre-en-espace-test\/entrepreneurs-de-semeurs-2\/"},"modified":"2024-10-30T11:17:20","modified_gmt":"2024-10-30T10:17:20","slug":"devenir-entrepreneur","status":"publish","type":"page","link":"https:\/\/semeursdupossible.com\/index.php\/entreprendre-en-espace-test\/devenir-entrepreneur\/","title":{"rendered":"devenir entrepreneur en espace test"},"content":{"rendered":"\t\t<div data-elementor-type=\"wp-page\" data-elementor-id=\"1894\" class=\"elementor elementor-1894\" data-elementor-settings=\"[]\">\n\t\t\t<div class=\"elementor-inner\">\n\t\t\t\t<div class=\"elementor-section-wrap\">\n\t\t\t\t\t\t\t<section class=\"elementor-element elementor-element-3e2e27b1 elementor-section-boxed elementor-section-height-default elementor-section-height-default elementor-section elementor-top-section\" data-id=\"3e2e27b1\" data-element_type=\"section\">\n\t\t\t\t\t\t<div class=\"elementor-container elementor-column-gap-default\">\n\t\t\t\t<div class=\"elementor-row\">\n\t\t\t\t<div class=\"elementor-element elementor-element-15dd176b elementor-column elementor-col-50 elementor-top-column\" data-id=\"15dd176b\" data-element_type=\"column\">\n\t\t\t<div class=\"elementor-column-wrap  elementor-element-populated\">\n\t\t\t\t\t<div class=\"elementor-widget-wrap\">\n\t\t\t\t<div class=\"elementor-element elementor-element-2379462f elementor-widget elementor-widget-image\" data-id=\"2379462f\" data-element_type=\"widget\" data-widget_type=\"image.default\">\n\t\t\t\t<div class=\"elementor-widget-container\">\n\t\t\t\t\t<div class=\"elementor-image\">\n\t\t\t\t\t\t\t\t\t\t<img loading=\"lazy\" decoding=\"async\" width=\"800\" height=\"513\" src=\"https:\/\/semeursdupossible.com\/wp-content\/uploads\/2020\/02\/semeurs-du-possible-espaces-lieux-test-bourgogne-image-habillage-08-1024x656.png\" class=\"attachment-large size-large\" alt=\"\" srcset=\"https:\/\/semeursdupossible.com\/wp-content\/uploads\/2020\/02\/semeurs-du-possible-espaces-lieux-test-bourgogne-image-habillage-08-1024x656.png 1024w, https:\/\/semeursdupossible.com\/wp-content\/uploads\/2020\/02\/semeurs-du-possible-espaces-lieux-test-bourgogne-image-habillage-08-300x192.png 300w, https:\/\/semeursdupossible.com\/wp-content\/uploads\/2020\/02\/semeurs-du-possible-espaces-lieux-test-bourgogne-image-habillage-08-768x492.png 768w, https:\/\/semeursdupossible.com\/wp-content\/uploads\/2020\/02\/semeurs-du-possible-espaces-lieux-test-bourgogne-image-habillage-08.png 1200w\" sizes=\"(max-width: 800px) 100vw, 800px\" \/>\t\t\t\t\t\t\t\t\t\t\t<\/div>\n\t\t\t\t<\/div>\n\t\t\t\t<\/div>\n\t\t\t\t\t\t<\/div>\n\t\t\t<\/div>\n\t\t<\/div>\n\t\t\t\t<div class=\"elementor-element elementor-element-5852539d elementor-column elementor-col-50 elementor-top-column\" data-id=\"5852539d\" data-element_type=\"column\">\n\t\t\t<div class=\"elementor-column-wrap  elementor-element-populated\">\n\t\t\t\t\t<div class=\"elementor-widget-wrap\">\n\t\t\t\t<div class=\"elementor-element elementor-element-246844c4 elementor-widget elementor-widget-heading\" data-id=\"246844c4\" data-element_type=\"widget\" data-widget_type=\"heading.default\">\n\t\t\t\t<div class=\"elementor-widget-container\">\n\t\t\t<h1 class=\"elementor-heading-title elementor-size-default\">Devenir entrepreneur en espace-test<\/h1>\t\t<\/div>\n\t\t\t\t<\/div>\n\t\t\t\t<div class=\"elementor-element elementor-element-6bc5a339 elementor-widget elementor-widget-text-editor\" data-id=\"6bc5a339\" data-element_type=\"widget\" data-widget_type=\"text-editor.default\">\n\t\t\t\t<div class=\"elementor-widget-container\">\n\t\t\t\t\t<div class=\"elementor-text-editor elementor-clearfix\"><p style=\"text-align: justify;\">Semeurs du Possible vous accompagne en 3 \u00e9tapes pour bien d\u00e9marrer votre projet agricole<\/p><\/div>\n\t\t\t\t<\/div>\n\t\t\t\t<\/div>\n\t\t\t\t\t\t<\/div>\n\t\t\t<\/div>\n\t\t<\/div>\n\t\t\t\t\t\t<\/div>\n\t\t\t<\/div>\n\t\t<\/section>\n\t\t\t\t<section class=\"elementor-element elementor-element-50cefba8 elementor-section-boxed elementor-section-height-default elementor-section-height-default elementor-section elementor-top-section\" data-id=\"50cefba8\" data-element_type=\"section\">\n\t\t\t\t\t\t<div class=\"elementor-container elementor-column-gap-default\">\n\t\t\t\t<div class=\"elementor-row\">\n\t\t\t\t<div class=\"elementor-element elementor-element-27ed3ae0 elementor-column elementor-col-50 elementor-top-column\" data-id=\"27ed3ae0\" data-element_type=\"column\">\n\t\t\t<div class=\"elementor-column-wrap  elementor-element-populated\">\n\t\t\t\t\t<div class=\"elementor-widget-wrap\">\n\t\t\t\t<div class=\"elementor-element elementor-element-312f46c elementor-widget elementor-widget-heading\" data-id=\"312f46c\" data-element_type=\"widget\" data-widget_type=\"heading.default\">\n\t\t\t\t<div class=\"elementor-widget-container\">\n\t\t\t<h2 class=\"elementor-heading-title elementor-size-default\">Pour qui?<\/h2>\t\t<\/div>\n\t\t\t\t<\/div>\n\t\t\t\t<div class=\"elementor-element elementor-element-ab14d22 elementor-widget elementor-widget-text-editor\" data-id=\"ab14d22\" data-element_type=\"widget\" data-widget_type=\"text-editor.default\">\n\t\t\t\t<div class=\"elementor-widget-container\">\n\t\t\t\t\t<div class=\"elementor-text-editor elementor-clearfix\"><p style=\"text-align: justify;\">L\u2019espace-test s&rsquo;adresse aux graines d&rsquo;entrepreneurs-paysans qui souhaitent en priorit\u00e9 s\u2019installer en agriculture biologique en Bourgogne, et qui ressentent le besoin pr\u00e9alable de :<\/p><ul style=\"text-align: justify;\"><li>Mesurer concr\u00e8tement et en autonomie la<b> faisabilit\u00e9 technique et \u00e9conomique <\/b>de leur projet,<\/li><li>V\u00e9rifier leurs capacit\u00e9s \u00e0 g\u00e9rer et d\u00e9velopper une ou des productions agricoles,<\/li><li>V\u00e9rifier l&rsquo;ad\u00e9quation entre leur projet de vie et leur projet professionnel.<\/li><\/ul><div style=\"text-align: justify;\">\u00a0<\/div><div style=\"text-align: justify;\">\u00a0<\/div><div style=\"text-align: justify;\">Le test agricole correspond alors \u00e0 des porteur\u00b7euse\u00b7s de projet qui <b>ont d\u00e9j\u00e0 un projet agricole bien d\u00e9fini , et qui ont une exp\u00e9rience du monde agricole <\/b>(formation agricole, plusieurs ann\u00e9es de salariat&#8230;).<\/div><div style=\"text-align: justify;\">\u00a0<\/div><\/div>\n\t\t\t\t<\/div>\n\t\t\t\t<\/div>\n\t\t\t\t\t\t<\/div>\n\t\t\t<\/div>\n\t\t<\/div>\n\t\t\t\t<div class=\"elementor-element elementor-element-763c7311 elementor-column elementor-col-50 elementor-top-column\" data-id=\"763c7311\" data-element_type=\"column\">\n\t\t\t<div class=\"elementor-column-wrap  elementor-element-populated\">\n\t\t\t\t\t<div class=\"elementor-widget-wrap\">\n\t\t\t\t<div class=\"elementor-element elementor-element-49823de elementor-widget elementor-widget-heading\" data-id=\"49823de\" data-element_type=\"widget\" data-widget_type=\"heading.default\">\n\t\t\t\t<div class=\"elementor-widget-container\">\n\t\t\t<h2 class=\"elementor-heading-title elementor-size-default\">3 \u00c9TAPES pour bien d\u00e9marrer son projet agricole<\/h2>\t\t<\/div>\n\t\t\t\t<\/div>\n\t\t\t\t<div class=\"elementor-element elementor-element-42fae755 elementor-widget elementor-widget-accordion\" data-id=\"42fae755\" data-element_type=\"widget\" data-widget_type=\"accordion.default\">\n\t\t\t\t<div class=\"elementor-widget-container\">\n\t\t\t\t\t<div class=\"elementor-accordion\" role=\"tablist\">\n\t\t\t\t\t\t\t<div class=\"elementor-accordion-item\">\n\t\t\t\t\t<div id=\"elementor-tab-title-1121\" class=\"elementor-tab-title\" data-tab=\"1\" role=\"tab\" aria-controls=\"elementor-tab-content-1121\">\n\t\t\t\t\t\t\t\t\t\t\t\t\t<span class=\"elementor-accordion-icon elementor-accordion-icon-left\" aria-hidden=\"true\">\n\t\t\t\t\t\t\t\t\t\t\t\t\t\t\t<span class=\"elementor-accordion-icon-closed\"><i class=\"fas fa-plus\"><\/i><\/span>\n\t\t\t\t\t\t\t\t<span class=\"elementor-accordion-icon-opened\"><i class=\"fas fa-minus\"><\/i><\/span>\n\t\t\t\t\t\t\t\t\t\t\t\t\t\t<\/span>\n\t\t\t\t\t\t\t\t\t\t\t\t<a class=\"elementor-accordion-title\" href=\"\">Avant l'entr\u00e9e en Test<\/a>\n\t\t\t\t\t<\/div>\n\t\t\t\t\t<div id=\"elementor-tab-content-1121\" class=\"elementor-tab-content elementor-clearfix\" data-tab=\"1\" role=\"tabpanel\" aria-labelledby=\"elementor-tab-title-1121\"><p style=\"text-align: justify;\"><b><u>DES ECHANGES<br \/><\/u><\/b>pour faire un bilan de vos exp\u00e9riences agricoles, ainsi que l&rsquo;\u00e9tat de maturit\u00e9 de votre projet :\u00a0 \u00e9valuer ensemble la situation personnelle, le projet et l\u2019int\u00e9r\u00eat de le tester avant son lancement.<\/p><p style=\"text-align: justify;\"><span style=\"text-decoration: underline;\"><strong>UN DOSSIER D\u2019ADMISSION<br \/><\/strong><\/span>pour pr\u00e9ciser les objectifs que la personne cherche \u00e0 atteindre.<\/p><\/div>\n\t\t\t\t<\/div>\n\t\t\t\t\t\t\t<div class=\"elementor-accordion-item\">\n\t\t\t\t\t<div id=\"elementor-tab-title-1122\" class=\"elementor-tab-title\" data-tab=\"2\" role=\"tab\" aria-controls=\"elementor-tab-content-1122\">\n\t\t\t\t\t\t\t\t\t\t\t\t\t<span class=\"elementor-accordion-icon elementor-accordion-icon-left\" aria-hidden=\"true\">\n\t\t\t\t\t\t\t\t\t\t\t\t\t\t\t<span class=\"elementor-accordion-icon-closed\"><i class=\"fas fa-plus\"><\/i><\/span>\n\t\t\t\t\t\t\t\t<span class=\"elementor-accordion-icon-opened\"><i class=\"fas fa-minus\"><\/i><\/span>\n\t\t\t\t\t\t\t\t\t\t\t\t\t\t<\/span>\n\t\t\t\t\t\t\t\t\t\t\t\t<a class=\"elementor-accordion-title\" href=\"\">LE TEST<\/a>\n\t\t\t\t\t<\/div>\n\t\t\t\t\t<div id=\"elementor-tab-content-1122\" class=\"elementor-tab-content elementor-clearfix\" data-tab=\"2\" role=\"tabpanel\" aria-labelledby=\"elementor-tab-title-1122\"><p style=\"text-align: justify;\"><span style=\"text-decoration: underline;\"><strong> PRODUCTION SUR UN LIEU TEST<\/strong><\/span><br \/>un terrain (et parfois du mat\u00e9riel professionnel ) sont mis \u00e0 votre disposition.<\/p><p style=\"text-align: justify;\"><span style=\"text-decoration: underline;\"><strong>COMMERCIALISATION<\/strong><\/span><br \/>via un N\u00b0SIRET, une assurance, un service de comptabilit\u00e9.<\/p><p style=\"text-align: justify;\"><span style=\"text-decoration: underline;\"><strong>ACCOMPAGNEMENT INDIVIDUEL ET COLLECTIF<\/strong><\/span><br \/>&gt; sur le d\u00e9veloppement commercial et la gestion de l&rsquo;entreprise,<br \/><span style=\"font-size: 1rem;\">&gt; sur la pratique et l\u2019ad\u00e9quation entre le projet de vie et le projet professionnel.<\/span><\/p><p style=\"text-align: justify;\"><span style=\"text-decoration: underline;\"><strong>MISE EN LIEN<\/strong><\/span><br \/>avec des r\u00e9seaux existants : agrituteurs, partenaires, entrepreneurs &#8230;<\/p><\/div>\n\t\t\t\t<\/div>\n\t\t\t\t\t\t\t<div class=\"elementor-accordion-item\">\n\t\t\t\t\t<div id=\"elementor-tab-title-1123\" class=\"elementor-tab-title\" data-tab=\"3\" role=\"tab\" aria-controls=\"elementor-tab-content-1123\">\n\t\t\t\t\t\t\t\t\t\t\t\t\t<span class=\"elementor-accordion-icon elementor-accordion-icon-left\" aria-hidden=\"true\">\n\t\t\t\t\t\t\t\t\t\t\t\t\t\t\t<span class=\"elementor-accordion-icon-closed\"><i class=\"fas fa-plus\"><\/i><\/span>\n\t\t\t\t\t\t\t\t<span class=\"elementor-accordion-icon-opened\"><i class=\"fas fa-minus\"><\/i><\/span>\n\t\t\t\t\t\t\t\t\t\t\t\t\t\t<\/span>\n\t\t\t\t\t\t\t\t\t\t\t\t<a class=\"elementor-accordion-title\" href=\"\">la sortie de test<\/a>\n\t\t\t\t\t<\/div>\n\t\t\t\t\t<div id=\"elementor-tab-content-1123\" class=\"elementor-tab-content elementor-clearfix\" data-tab=\"3\" role=\"tabpanel\" aria-labelledby=\"elementor-tab-title-1123\"><p style=\"text-align: justify;\"><strong>La cr\u00e9ation de son entreprise (ou l&rsquo;installation via la coop\u00e9rative en tant qu&rsquo;Entrepreneur salari\u00e9)<\/strong><\/p><p style=\"text-align: justify;\">Accompagnement lors de l&rsquo;installation par les organismes d\u2019aide \u00e0 l\u2019installation, ou r\u00e9orientation du projet professionnel.<\/p><p style=\"text-align: justify;\"><strong>La r\u00e9oritentation de son projet\u00a0<\/strong><\/p><p style=\"text-align: justify;\">Appui \u00e0 la n\u00e9cessit\u00e9 d&rsquo;autres formations, \u00e0 la renonciation du statut de responsable d&rsquo;activit\u00e9 ind\u00e9pendant, \u00e0 la r\u00e9orientation de ses activit\u00e9s professionnelles\u00a0<\/p><\/div>\n\t\t\t\t<\/div>\n\t\t\t\t\t<\/div>\n\t\t\t\t<\/div>\n\t\t\t\t<\/div>\n\t\t\t\t\t\t<\/div>\n\t\t\t<\/div>\n\t\t<\/div>\n\t\t\t\t\t\t<\/div>\n\t\t\t<\/div>\n\t\t<\/section>\n\t\t\t\t\t\t<\/div>\n\t\t\t<\/div>\n\t\t<\/div>\n\t\t","protected":false},"excerpt":{"rendered":"<p>Devenir entrepreneur en espace-test Semeurs du Possible vous accompagne en 3 \u00e9tapes pour bien d\u00e9marrer votre projet agricole Pour qui? L\u2019espace-test s&rsquo;adresse aux graines d&rsquo;entrepreneurs-paysans qui souhaitent en priorit\u00e9 s\u2019installer en agriculture biologique en Bourgogne, et qui ressentent le besoin pr\u00e9alable de : Mesurer concr\u00e8tement et en autonomie la faisabilit\u00e9 technique et \u00e9conomique de leur [&hellip;]<\/p>\n","protected":false},"author":1,"featured_media":0,"parent":1880,"menu_order":1,"comment_status":"closed","ping_status":"closed","template":"","meta":{"footnotes":""},"class_list":["post-1894","page","type-page","status-publish","hentry"],"_links":{"self":[{"href":"https:\/\/semeursdupossible.com\/index.php\/wp-json\/wp\/v2\/pages\/1894"}],"collection":[{"href":"https:\/\/semeursdupossible.com\/index.php\/wp-json\/wp\/v2\/pages"}],"about":[{"href":"https:\/\/semeursdupossible.com\/index.php\/wp-json\/wp\/v2\/types\/page"}],"author":[{"embeddable":true,"href":"https:\/\/semeursdupossible.com\/index.php\/wp-json\/wp\/v2\/users\/1"}],"replies":[{"embeddable":true,"href":"https:\/\/semeursdupossible.com\/index.php\/wp-json\/wp\/v2\/comments?post=1894"}],"version-history":[{"count":19,"href":"https:\/\/semeursdupossible.com\/index.php\/wp-json\/wp\/v2\/pages\/1894\/revisions"}],"predecessor-version":[{"id":4434,"href":"https:\/\/semeursdupossible.com\/index.php\/wp-json\/wp\/v2\/pages\/1894\/revisions\/4434"}],"up":[{"embeddable":true,"href":"https:\/\/semeursdupossible.com\/index.php\/wp-json\/wp\/v2\/pages\/1880"}],"wp:attachment":[{"href":"https:\/\/semeursdupossible.com\/index.php\/wp-json\/wp\/v2\/media?parent=1894"}],"curies":[{"name":"wp","href":"https:\/\/api.w.org\/{rel}","templated":true}]}}